{"id":358,"date":"2018-04-19T11:40:27","date_gmt":"2018-04-19T11:40:27","guid":{"rendered":"http:\/\/droitthemes.com\/wp\/appart\/?page_id=358"},"modified":"2025-05-29T13:48:45","modified_gmt":"2025-05-29T13:48:45","slug":"home","status":"publish","type":"page","link":"https:\/\/groups.tecnico.ulisboa.pt\/biocfiber\/","title":{"rendered":"Home"},"content":{"rendered":"\t\t<div data-elementor-type=\"wp-post\" data-elementor-id=\"358\" class=\"elementor elementor-358\">\n\t\t\t\t\t\t\t\t\t<section class=\"elementor-section elementor-top-section elementor-element elementor-element-d22e011 elementor-section-full_width elementor-section-height-default elementor-section-height-default\" data-id=\"d22e011\" data-element_type=\"section\">\n\t\t\t\t\t\t<div class=\"elementor-container elementor-column-gap-no\">\n\t\t\t\t\t<div class=\"elementor-column elementor-col-100 elementor-top-column elementor-element elementor-element-b587281\" data-id=\"b587281\" data-element_type=\"column\">\n\t\t\t<div class=\"elementor-widget-wrap\">\n\t\t\t\t\t\t\t\t\t<\/div>\n\t\t<\/div>\n\t\t\t\t\t\t\t<\/div>\n\t\t<\/section>\n\t\t<div class=\"elementor-element elementor-element-6652af4 e-flex e-con-boxed e-con e-parent\" data-id=\"6652af4\" data-element_type=\"container\" data-settings=\"{&quot;container_type&quot;:&quot;flex&quot;,&quot;content_width&quot;:&quot;boxed&quot;}\" data-core-v316-plus=\"true\">\n\t\t\t\t\t<div class=\"e-con-inner\">\n\t\t<div class=\"elementor-element elementor-element-f69caa5 e-con-full e-flex e-con e-child\" data-id=\"f69caa5\" data-element_type=\"container\" data-settings=\"{&quot;content_width&quot;:&quot;full&quot;,&quot;container_type&quot;:&quot;flex&quot;}\">\n\t\t\t\t<div class=\"elementor-element elementor-element-62f91c5 elementor-widget elementor-widget-droit-title\" data-id=\"62f91c5\" data-element_type=\"widget\" id=\"description\" data-widget_type=\"droit-title.default\">\n\t\t\t\t<div class=\"elementor-widget-container\">\n\t\t\t\t    <div class=\"dl_title_section\">\r\n\t        \t            <h2 class=\"dl_title_text\" \r\n                > \r\n                                            Description \r\n                          <\/h2>\r\n\t        \r\n\t        \r\n\t        \t            <div class=\"dl_content_text\" ><p><img fetchpriority=\"high\" decoding=\"async\" class=\"aligncenter size-full wp-image-1754\" src=\"http:\/\/groups.tecnico.ulisboa.pt\/~biocfiber.daemon\/wp-content\/uploads\/2023\/09\/Website-Draw.png\" alt=\"\" width=\"610\" height=\"573\" srcset=\"https:\/\/groups.tecnico.ulisboa.pt\/biocfiber\/wp-content\/uploads\/2023\/09\/Website-Draw.png 610w, https:\/\/groups.tecnico.ulisboa.pt\/biocfiber\/wp-content\/uploads\/2023\/09\/Website-Draw-300x282.png 300w\" sizes=\"(max-width: 610px) 100vw, 610px\" \/><\/p><p>Polyacrylonitrile (PAN) is the main raw material employed in the acrylic and carbon fibers (CFs) industries. It allows the production of high modulus CFs, with excellent properties for high performance, high strength, and lightweight composite materials. The production process involves copolymerization of acrylonitrile (AN) with other comonomers, followed by separation and drying of the polymers, its dissolution (forming the dope) and spinning. The comonomers typically used are carboxylic acids (acrylic acid, methacrylic acid and itaconic acid), amides and esters. Besides being expensive, PAN-based CFs are derived from petrochemical sources. Green technologies to achieve the highly demanded CFs from bio-based renewable starting materials are of critical relevance, since they are subjected to lower environmental impact.<\/p><p>\u00a0<\/p><p>Lignin is one of the most abundant biopolymers in lignocellulosic biomass. In the industry it is present as by-product of the pulp and paper industry, and cellulosic ethanol production. However, it is being treated as waste or used in low-value applications such as fuels. On the other hand, bio-acrylonitrile (bio-AN) industrial production, with high yields, is at its infancy, and there is a need for the starting of the first trials for CFs precursor production, to check whether and how bio-AN impurities from biomass affect the properties of the CFs compared to the industry standard.<\/p><p>\u00a0<\/p><p><strong>The BioCFiber project targets the replacement of petroleum-based CFs by bio-based CFs. To address the challenge of the BioCFiber project, a new approach will be followed giving rise to high quality, bio-resourced CFs precursors made from new lignin-derived copolymers, obtained via free and controlled radical polymerization.<\/strong><\/p><\/div>\r\n\t        \t    <\/div>    \r\n\t    \t\t<\/div>\n\t\t\t\t<\/div>\n\t\t\t\t<\/div>\n\t\t<div class=\"elementor-element elementor-element-aadce80 e-con-full e-flex e-con e-child\" data-id=\"aadce80\" data-element_type=\"container\" data-settings=\"{&quot;content_width&quot;:&quot;full&quot;,&quot;container_type&quot;:&quot;flex&quot;}\">\n\t\t\t\t<div class=\"elementor-element elementor-element-48a45f4 elementor-widget elementor-widget-droit-title\" data-id=\"48a45f4\" data-element_type=\"widget\" data-widget_type=\"droit-title.default\">\n\t\t\t\t<div class=\"elementor-widget-container\">\n\t\t\t\t    <div class=\"dl_title_section\">\r\n\t        \t            <h3 class=\"dl_title_text\" \r\n                > \r\n                                            Funding \r\n                          <\/h3>\r\n\t        \r\n\t        \r\n\t        \t            <div class=\"dl_content_text\" ><p><img decoding=\"async\" class=\"wp-image-1883 alignleft\" src=\"http:\/\/groups.tecnico.ulisboa.pt\/~biocfiber.daemon\/wp-content\/uploads\/2023\/09\/Template-Logos2-1.jpg\" alt=\"\" width=\"173\" height=\"115\" \/><img decoding=\"async\" class=\"alignleft wp-image-1942\" src=\"https:\/\/groups.tecnico.ulisboa.pt\/biocfiber\/wp-content\/uploads\/2024\/01\/RPCTES.jpg\" alt=\"\" width=\"173\" height=\"115\" \/><\/p><\/div>\r\n\t        \t    <\/div>    \r\n\t    \t\t<\/div>\n\t\t\t\t<\/div>\n\t\t\t\t<div class=\"elementor-element elementor-element-38fb194 elementor-widget-divider--view-line elementor-widget elementor-widget-divider\" data-id=\"38fb194\" data-element_type=\"widget\" data-widget_type=\"divider.default\">\n\t\t\t\t<div class=\"elementor-widget-container\">\n\t\t\t<style>\/*! elementor - v3.18.0 - 20-12-2023 *\/\n.elementor-widget-divider{--divider-border-style:none;--divider-border-width:1px;--divider-color:#0c0d0e;--divider-icon-size:20px;--divider-element-spacing:10px;--divider-pattern-height:24px;--divider-pattern-size:20px;--divider-pattern-url:none;--divider-pattern-repeat:repeat-x}.elementor-widget-divider .elementor-divider{display:flex}.elementor-widget-divider .elementor-divider__text{font-size:15px;line-height:1;max-width:95%}.elementor-widget-divider .elementor-divider__element{margin:0 var(--divider-element-spacing);flex-shrink:0}.elementor-widget-divider .elementor-icon{font-size:var(--divider-icon-size)}.elementor-widget-divider .elementor-divider-separator{display:flex;margin:0;direction:ltr}.elementor-widget-divider--view-line_icon .elementor-divider-separator,.elementor-widget-divider--view-line_text .elementor-divider-separator{align-items:center}.elementor-widget-divider--view-line_icon .elementor-divider-separator:after,.elementor-widget-divider--view-line_icon .elementor-divider-separator:before,.elementor-widget-divider--view-line_text .elementor-divider-separator:after,.elementor-widget-divider--view-line_text .elementor-divider-separator:before{display:block;content:\"\";border-bottom:0;flex-grow:1;border-top:var(--divider-border-width) var(--divider-border-style) var(--divider-color)}.elementor-widget-divider--element-align-left .elementor-divider .elementor-divider-separator>.elementor-divider__svg:first-of-type{flex-grow:0;flex-shrink:100}.elementor-widget-divider--element-align-left .elementor-divider-separator:before{content:none}.elementor-widget-divider--element-align-left .elementor-divider__element{margin-left:0}.elementor-widget-divider--element-align-right .elementor-divider .elementor-divider-separator>.elementor-divider__svg:last-of-type{flex-grow:0;flex-shrink:100}.elementor-widget-divider--element-align-right .elementor-divider-separator:after{content:none}.elementor-widget-divider--element-align-right .elementor-divider__element{margin-right:0}.elementor-widget-divider:not(.elementor-widget-divider--view-line_text):not(.elementor-widget-divider--view-line_icon) .elementor-divider-separator{border-top:var(--divider-border-width) var(--divider-border-style) var(--divider-color)}.elementor-widget-divider--separator-type-pattern{--divider-border-style:none}.elementor-widget-divider--separator-type-pattern.elementor-widget-divider--view-line .elementor-divider-separator,.elementor-widget-divider--separator-type-pattern:not(.elementor-widget-divider--view-line) .elementor-divider-separator:after,.elementor-widget-divider--separator-type-pattern:not(.elementor-widget-divider--view-line) .elementor-divider-separator:before,.elementor-widget-divider--separator-type-pattern:not([class*=elementor-widget-divider--view]) .elementor-divider-separator{width:100%;min-height:var(--divider-pattern-height);-webkit-mask-size:var(--divider-pattern-size) 100%;mask-size:var(--divider-pattern-size) 100%;-webkit-mask-repeat:var(--divider-pattern-repeat);mask-repeat:var(--divider-pattern-repeat);background-color:var(--divider-color);-webkit-mask-image:var(--divider-pattern-url);mask-image:var(--divider-pattern-url)}.elementor-widget-divider--no-spacing{--divider-pattern-size:auto}.elementor-widget-divider--bg-round{--divider-pattern-repeat:round}.rtl .elementor-widget-divider .elementor-divider__text{direction:rtl}.e-con-inner>.elementor-widget-divider,.e-con>.elementor-widget-divider{width:var(--container-widget-width,100%);--flex-grow:var(--container-widget-flex-grow)}<\/style>\t\t<div class=\"elementor-divider\">\n\t\t\t<span class=\"elementor-divider-separator\">\n\t\t\t\t\t\t<\/span>\n\t\t<\/div>\n\t\t\t\t<\/div>\n\t\t\t\t<\/div>\n\t\t\t\t<div class=\"elementor-element elementor-element-d09aa27 elementor-widget elementor-widget-droit-title\" data-id=\"d09aa27\" data-element_type=\"widget\" data-widget_type=\"droit-title.default\">\n\t\t\t\t<div class=\"elementor-widget-container\">\n\t\t\t\t    <div class=\"dl_title_section\">\r\n\t        \r\n\t        \r\n\t        \t            <div class=\"dl_content_text\" ><p><a href=\"https:\/\/doi.org\/10.54499\/2022.08091.PTDC\">2022.08091.PTDC<\/a><\/p><p>\u00a0<\/p><h4>FUNDING (TOTAL)<\/h4><p>293 988,70 \u20ac<\/p><h4>FUNDING (IST-ID)<\/h4><p>205 988,70 \u20ac<\/p><h4>DURATION<\/h4><p>01.03.2023 \u2013 28.02.2026<\/p><p>36 months<\/p><h4>PRINCIPAL INVESTIGATOR (PI)<\/h4><p><a href=\"http:\/\/web.tecnico.ulisboa.pt\/ist45873\/\" target=\"_blank\" rel=\"noopener\">Prof. Ana C. Marques<\/a><\/p><h4>Co-PI<\/h4><p>Prof. Jos\u00e9 G. Martinho<\/p><\/div>\r\n\t        \t    <\/div>    \r\n\t    \t\t<\/div>\n\t\t\t\t<\/div>\n\t\t\t\t<\/div>\n\t\t\t\t\t<\/div>\n\t\t\t\t<\/div>\n\t\t\t\t<section class=\"elementor-section elementor-top-section elementor-element elementor-element-1c9b9c8 elementor-section-full_width elementor-section-height-default elementor-section-height-default\" data-id=\"1c9b9c8\" data-element_type=\"section\">\n\t\t\t\t\t\t<div class=\"elementor-container elementor-column-gap-no\">\n\t\t\t\t\t<div class=\"elementor-column elementor-col-100 elementor-top-column elementor-element elementor-element-40989ba\" data-id=\"40989ba\" data-element_type=\"column\">\n\t\t\t<div class=\"elementor-widget-wrap\">\n\t\t\t\t\t\t\t\t\t<\/div>\n\t\t<\/div>\n\t\t\t\t\t\t\t<\/div>\n\t\t<\/section>\n\t\t<div class=\"elementor-element elementor-element-599156d e-con-full e-flex e-con e-parent\" data-id=\"599156d\" data-element_type=\"container\" data-settings=\"{&quot;content_width&quot;:&quot;full&quot;,&quot;container_type&quot;:&quot;flex&quot;}\" data-core-v316-plus=\"true\">\n\t\t\t\t<div class=\"elementor-element elementor-element-b7235ef elementor-widget elementor-widget-droit-title\" data-id=\"b7235ef\" data-element_type=\"widget\" id=\"results\" data-widget_type=\"droit-title.default\">\n\t\t\t\t<div class=\"elementor-widget-container\">\n\t\t\t\t    <div class=\"dl_title_section\">\r\n\t        \t            <h2 class=\"dl_title_text\" \r\n                > \r\n                                            Results \r\n                          <\/h2>\r\n\t        \r\n\t        \r\n\t        \t    <\/div>    \r\n\t    \t\t<\/div>\n\t\t\t\t<\/div>\n\t\t\t\t<\/div>\n\t\t<div class=\"elementor-element elementor-element-83e8d37 e-con-full e-flex e-con e-parent\" data-id=\"83e8d37\" data-element_type=\"container\" data-settings=\"{&quot;content_width&quot;:&quot;full&quot;,&quot;container_type&quot;:&quot;flex&quot;}\" data-core-v316-plus=\"true\">\n\t\t\t\t<div class=\"elementor-element elementor-element-c6fc4ec elementor-widget__width-initial elementor-widget elementor-widget-image\" data-id=\"c6fc4ec\" data-element_type=\"widget\" data-widget_type=\"image.default\">\n\t\t\t\t<div class=\"elementor-widget-container\">\n\t\t\t<style>\/*! elementor - v3.18.0 - 20-12-2023 *\/\n.elementor-widget-image{text-align:center}.elementor-widget-image a{display:inline-block}.elementor-widget-image a img[src$=\".svg\"]{width:48px}.elementor-widget-image img{vertical-align:middle;display:inline-block}<\/style>\t\t\t\t\t\t\t\t\t\t\t\t<img loading=\"lazy\" decoding=\"async\" width=\"1024\" height=\"709\" src=\"https:\/\/groups.tecnico.ulisboa.pt\/biocfiber\/wp-content\/uploads\/2025\/02\/zoom-1024x709.jpg\" class=\"attachment-large size-large wp-image-1954\" alt=\"\" srcset=\"https:\/\/groups.tecnico.ulisboa.pt\/biocfiber\/wp-content\/uploads\/2025\/02\/zoom-1024x709.jpg 1024w, https:\/\/groups.tecnico.ulisboa.pt\/biocfiber\/wp-content\/uploads\/2025\/02\/zoom-300x208.jpg 300w, https:\/\/groups.tecnico.ulisboa.pt\/biocfiber\/wp-content\/uploads\/2025\/02\/zoom-768x532.jpg 768w, https:\/\/groups.tecnico.ulisboa.pt\/biocfiber\/wp-content\/uploads\/2025\/02\/zoom-1536x1064.jpg 1536w, https:\/\/groups.tecnico.ulisboa.pt\/biocfiber\/wp-content\/uploads\/2025\/02\/zoom-2048x1419.jpg 2048w\" sizes=\"(max-width: 1024px) 100vw, 1024px\" \/>\t\t\t\t\t\t\t\t\t\t\t\t\t\t\t<\/div>\n\t\t\t\t<\/div>\n\t\t\t\t<div class=\"elementor-element elementor-element-a08e7df elementor-widget__width-initial elementor-widget elementor-widget-image\" data-id=\"a08e7df\" data-element_type=\"widget\" data-widget_type=\"image.default\">\n\t\t\t\t<div class=\"elementor-widget-container\">\n\t\t\t\t\t\t\t\t\t\t\t\t\t\t\t<img loading=\"lazy\" decoding=\"async\" width=\"718\" height=\"1024\" src=\"https:\/\/groups.tecnico.ulisboa.pt\/biocfiber\/wp-content\/uploads\/2025\/02\/RRB-2024-Talita-1-718x1024.jpeg\" class=\"attachment-large size-large wp-image-1959\" alt=\"\" srcset=\"https:\/\/groups.tecnico.ulisboa.pt\/biocfiber\/wp-content\/uploads\/2025\/02\/RRB-2024-Talita-1-718x1024.jpeg 718w, https:\/\/groups.tecnico.ulisboa.pt\/biocfiber\/wp-content\/uploads\/2025\/02\/RRB-2024-Talita-1-210x300.jpeg 210w, https:\/\/groups.tecnico.ulisboa.pt\/biocfiber\/wp-content\/uploads\/2025\/02\/RRB-2024-Talita-1-768x1095.jpeg 768w, https:\/\/groups.tecnico.ulisboa.pt\/biocfiber\/wp-content\/uploads\/2025\/02\/RRB-2024-Talita-1-1077x1536.jpeg 1077w, https:\/\/groups.tecnico.ulisboa.pt\/biocfiber\/wp-content\/uploads\/2025\/02\/RRB-2024-Talita-1-1436x2048.jpeg 1436w, https:\/\/groups.tecnico.ulisboa.pt\/biocfiber\/wp-content\/uploads\/2025\/02\/RRB-2024-Talita-1-scaled.jpeg 1795w\" sizes=\"(max-width: 718px) 100vw, 718px\" \/>\t\t\t\t\t\t\t\t\t\t\t\t\t\t\t<\/div>\n\t\t\t\t<\/div>\n\t\t\t\t<\/div>\n\t\t<div class=\"elementor-element elementor-element-2bdf51e e-con-full e-flex e-con e-parent\" data-id=\"2bdf51e\" data-element_type=\"container\" data-settings=\"{&quot;content_width&quot;:&quot;full&quot;,&quot;container_type&quot;:&quot;flex&quot;}\" data-core-v316-plus=\"true\">\n\t\t<div class=\"elementor-element elementor-element-dbdd624 e-con-full e-flex e-con e-child\" data-id=\"dbdd624\" data-element_type=\"container\" data-settings=\"{&quot;content_width&quot;:&quot;full&quot;,&quot;container_type&quot;:&quot;flex&quot;}\">\n\t\t\t\t<div class=\"elementor-element elementor-element-066264d elementor-widget elementor-widget-image\" data-id=\"066264d\" data-element_type=\"widget\" data-widget_type=\"image.default\">\n\t\t\t\t<div class=\"elementor-widget-container\">\n\t\t\t\t\t\t\t\t\t\t\t\t\t\t\t<img loading=\"lazy\" decoding=\"async\" width=\"1024\" height=\"683\" src=\"https:\/\/groups.tecnico.ulisboa.pt\/biocfiber\/wp-content\/uploads\/2023\/09\/internal-meeting-bcf-1024x683.jpg\" class=\"attachment-large size-large wp-image-1851\" alt=\"\" srcset=\"https:\/\/groups.tecnico.ulisboa.pt\/biocfiber\/wp-content\/uploads\/2023\/09\/internal-meeting-bcf-1024x683.jpg 1024w, https:\/\/groups.tecnico.ulisboa.pt\/biocfiber\/wp-content\/uploads\/2023\/09\/internal-meeting-bcf-300x200.jpg 300w, https:\/\/groups.tecnico.ulisboa.pt\/biocfiber\/wp-content\/uploads\/2023\/09\/internal-meeting-bcf-768x512.jpg 768w, https:\/\/groups.tecnico.ulisboa.pt\/biocfiber\/wp-content\/uploads\/2023\/09\/internal-meeting-bcf.jpg 1200w\" sizes=\"(max-width: 1024px) 100vw, 1024px\" \/>\t\t\t\t\t\t\t\t\t\t\t\t\t\t\t<\/div>\n\t\t\t\t<\/div>\n\t\t\t\t<\/div>\n\t\t<div class=\"elementor-element elementor-element-2d83b40 e-con-full e-flex e-con e-child\" data-id=\"2d83b40\" data-element_type=\"container\" data-settings=\"{&quot;content_width&quot;:&quot;full&quot;,&quot;container_type&quot;:&quot;flex&quot;}\">\n\t\t\t\t<div class=\"elementor-element elementor-element-258f45c elementor-widget elementor-widget-image\" data-id=\"258f45c\" data-element_type=\"widget\" data-widget_type=\"image.default\">\n\t\t\t\t<div class=\"elementor-widget-container\">\n\t\t\t\t\t\t\t\t\t\t\t\t\t\t\t<img loading=\"lazy\" decoding=\"async\" width=\"1024\" height=\"683\" src=\"https:\/\/groups.tecnico.ulisboa.pt\/biocfiber\/wp-content\/uploads\/2023\/09\/kick-of-bcf-1024x683.jpg\" class=\"attachment-large size-large wp-image-1850\" alt=\"\" srcset=\"https:\/\/groups.tecnico.ulisboa.pt\/biocfiber\/wp-content\/uploads\/2023\/09\/kick-of-bcf-1024x683.jpg 1024w, https:\/\/groups.tecnico.ulisboa.pt\/biocfiber\/wp-content\/uploads\/2023\/09\/kick-of-bcf-300x200.jpg 300w, https:\/\/groups.tecnico.ulisboa.pt\/biocfiber\/wp-content\/uploads\/2023\/09\/kick-of-bcf-768x512.jpg 768w, https:\/\/groups.tecnico.ulisboa.pt\/biocfiber\/wp-content\/uploads\/2023\/09\/kick-of-bcf.jpg 1200w\" sizes=\"(max-width: 1024px) 100vw, 1024px\" \/>\t\t\t\t\t\t\t\t\t\t\t\t\t\t\t<\/div>\n\t\t\t\t<\/div>\n\t\t\t\t<\/div>\n\t\t\t\t<\/div>\n\t\t<div class=\"elementor-element elementor-element-c826975 e-flex e-con-boxed e-con e-parent\" data-id=\"c826975\" data-element_type=\"container\" data-settings=\"{&quot;container_type&quot;:&quot;flex&quot;,&quot;content_width&quot;:&quot;boxed&quot;}\" data-core-v316-plus=\"true\">\n\t\t\t\t\t<div class=\"e-con-inner\">\n\t\t\t\t\t<\/div>\n\t\t\t\t<\/div>\n\t\t<div class=\"elementor-element elementor-element-7d02c15 e-flex e-con-boxed e-con e-parent\" data-id=\"7d02c15\" data-element_type=\"container\" data-settings=\"{&quot;container_type&quot;:&quot;flex&quot;,&quot;content_width&quot;:&quot;boxed&quot;}\" data-core-v316-plus=\"true\">\n\t\t\t\t\t<div class=\"e-con-inner\">\n\t\t\t\t<div class=\"elementor-element elementor-element-feff1bc elementor-widget elementor-widget-droit-title\" data-id=\"feff1bc\" data-element_type=\"widget\" id=\"partners\" data-widget_type=\"droit-title.default\">\n\t\t\t\t<div class=\"elementor-widget-container\">\n\t\t\t\t    <div class=\"dl_title_section\">\r\n\t        \t            <h2 class=\"dl_title_text\" \r\n                > \r\n                                            Partners \r\n                          <\/h2>\r\n\t        \r\n\t        \r\n\t        \t    <\/div>    \r\n\t    \t\t<\/div>\n\t\t\t\t<\/div>\n\t\t\t\t\t<\/div>\n\t\t\t\t<\/div>\n\t\t<div class=\"elementor-element elementor-element-d1fc241 e-flex e-con-boxed e-con e-parent\" data-id=\"d1fc241\" data-element_type=\"container\" data-settings=\"{&quot;container_type&quot;:&quot;flex&quot;,&quot;content_width&quot;:&quot;boxed&quot;}\" data-core-v316-plus=\"true\">\n\t\t\t\t\t<div class=\"e-con-inner\">\n\t\t<div class=\"elementor-element elementor-element-e5c705a e-con-full e-flex e-con e-child\" data-id=\"e5c705a\" data-element_type=\"container\" data-settings=\"{&quot;content_width&quot;:&quot;full&quot;,&quot;container_type&quot;:&quot;flex&quot;}\">\n\t\t\t\t<div class=\"elementor-element elementor-element-af5af7a elementor-widget elementor-widget-image\" data-id=\"af5af7a\" data-element_type=\"widget\" data-widget_type=\"image.default\">\n\t\t\t\t<div class=\"elementor-widget-container\">\n\t\t\t\t\t\t\t\t\t\t\t\t\t\t\t<img loading=\"lazy\" decoding=\"async\" width=\"300\" height=\"200\" src=\"https:\/\/groups.tecnico.ulisboa.pt\/biocfiber\/wp-content\/uploads\/2023\/09\/Template-Logos.jpg\" class=\"attachment-large size-large wp-image-1876\" alt=\"\" \/>\t\t\t\t\t\t\t\t\t\t\t\t\t\t\t<\/div>\n\t\t\t\t<\/div>\n\t\t\t\t<\/div>\n\t\t<div class=\"elementor-element elementor-element-6ba7c6b e-con-full e-flex e-con e-child\" data-id=\"6ba7c6b\" data-element_type=\"container\" data-settings=\"{&quot;content_width&quot;:&quot;full&quot;,&quot;container_type&quot;:&quot;flex&quot;}\">\n\t\t\t\t<div class=\"elementor-element elementor-element-0c7fc55 elementor-widget elementor-widget-image\" data-id=\"0c7fc55\" data-element_type=\"widget\" data-widget_type=\"image.default\">\n\t\t\t\t<div class=\"elementor-widget-container\">\n\t\t\t\t\t\t\t\t\t\t\t\t\t\t\t<img loading=\"lazy\" decoding=\"async\" width=\"300\" height=\"200\" src=\"https:\/\/groups.tecnico.ulisboa.pt\/biocfiber\/wp-content\/uploads\/2023\/09\/Template-Logos4.jpg\" class=\"attachment-large size-large wp-image-1879\" alt=\"\" \/>\t\t\t\t\t\t\t\t\t\t\t\t\t\t\t<\/div>\n\t\t\t\t<\/div>\n\t\t\t\t<\/div>\n\t\t<div class=\"elementor-element elementor-element-709993f e-con-full e-flex e-con e-child\" data-id=\"709993f\" data-element_type=\"container\" data-settings=\"{&quot;content_width&quot;:&quot;full&quot;,&quot;container_type&quot;:&quot;flex&quot;}\">\n\t\t\t\t<div class=\"elementor-element elementor-element-fb268bb elementor-widget elementor-widget-image\" data-id=\"fb268bb\" data-element_type=\"widget\" data-widget_type=\"image.default\">\n\t\t\t\t<div class=\"elementor-widget-container\">\n\t\t\t\t\t\t\t\t\t\t\t\t\t\t\t<img loading=\"lazy\" decoding=\"async\" width=\"300\" height=\"200\" src=\"https:\/\/groups.tecnico.ulisboa.pt\/biocfiber\/wp-content\/uploads\/2023\/09\/Template-Logos3.jpg\" class=\"attachment-large size-large wp-image-1878\" alt=\"\" \/>\t\t\t\t\t\t\t\t\t\t\t\t\t\t\t<\/div>\n\t\t\t\t<\/div>\n\t\t\t\t<\/div>\n\t\t<div class=\"elementor-element elementor-element-09df702 e-con-full e-flex e-con e-child\" data-id=\"09df702\" data-element_type=\"container\" data-settings=\"{&quot;content_width&quot;:&quot;full&quot;,&quot;container_type&quot;:&quot;flex&quot;}\">\n\t\t\t\t<div class=\"elementor-element elementor-element-3b26057 elementor-widget elementor-widget-image\" data-id=\"3b26057\" data-element_type=\"widget\" data-widget_type=\"image.default\">\n\t\t\t\t<div class=\"elementor-widget-container\">\n\t\t\t\t\t\t\t\t\t\t\t\t\t\t\t<img loading=\"lazy\" decoding=\"async\" width=\"300\" height=\"200\" src=\"https:\/\/groups.tecnico.ulisboa.pt\/biocfiber\/wp-content\/uploads\/2023\/09\/Template-Logos5.jpg\" class=\"attachment-large size-large wp-image-1880\" alt=\"\" \/>\t\t\t\t\t\t\t\t\t\t\t\t\t\t\t<\/div>\n\t\t\t\t<\/div>\n\t\t\t\t<\/div>\n\t\t\t\t\t<\/div>\n\t\t\t\t<\/div>\n\t\t<div class=\"elementor-element elementor-element-f5aa283 e-flex e-con-boxed e-con e-parent\" data-id=\"f5aa283\" data-element_type=\"container\" data-settings=\"{&quot;container_type&quot;:&quot;flex&quot;,&quot;content_width&quot;:&quot;boxed&quot;}\" data-core-v316-plus=\"true\">\n\t\t\t\t\t<div class=\"e-con-inner\">\n\t\t\t\t<div class=\"elementor-element elementor-element-da7e5f0 elementor-widget elementor-widget-droit-title\" data-id=\"da7e5f0\" data-element_type=\"widget\" id=\"researchers\" data-widget_type=\"droit-title.default\">\n\t\t\t\t<div class=\"elementor-widget-container\">\n\t\t\t\t    <div class=\"dl_title_section\">\r\n\t        \t            <h2 class=\"dl_title_text\" \r\n                > \r\n                                            Researchers \r\n                          <\/h2>\r\n\t        \r\n\t        \r\n\t        \t            <div class=\"dl_content_text\" ><p><strong>IST-ID (CERENA, CQE, CEGIST):\u00a0 <\/strong>Ana C. Marques, Rui Galhano, Ant\u00f3nio Aguiar, Marta Ramos Andr\u00e9s, Talita Nascimento, M\u00f3nica V. Loureiro, Jos\u00e9 Paulo Farinha, J. Gaspar Martinho, Dulce Sim\u00e3o, Jos\u00e9 Ascenso, M. Jo\u00e3o Ferreira, M. Teresa Viciosa, S\u00e9rgio Alves, Ana Carvalho<\/p><p><strong>SGL Composites:\u00a0<\/strong>Rui Dias, Ricardo Caldas, Jos\u00e9 Figueira, Lu\u00eds Vale, Pedro Borregana, V\u00edtor Calado<\/p><p><strong>Consultant:\u00a0<\/strong>Jorge F.J. Coelho (University of Coimbra, Polysyc)<\/p><\/div>\r\n\t        \t    <\/div>    \r\n\t    \t\t<\/div>\n\t\t\t\t<\/div>\n\t\t\t\t\t<\/div>\n\t\t\t\t<\/div>\n\t\t\t\t\t\t\t<\/div>\n\t\t","protected":false},"excerpt":{"rendered":"<p>Description Polyacrylonitrile (PAN) is the main raw material employed in the acrylic and carbon fibers (CFs) industries. It allows the production of high modulus CFs, with excellent properties for high performance, high strength, and lightweight composite materials. The production process involves copolymerization of acrylonitrile (AN) with other comonomers, followed by separation and drying of the&#8230;<\/p>\n","protected":false},"author":1,"featured_media":0,"parent":0,"menu_order":0,"comment_status":"closed","ping_status":"closed","template":"elementor_canvas","meta":{"footnotes":""},"class_list":["post-358","page","type-page","status-publish","hentry","no-post-thumbnail"],"_links":{"self":[{"href":"https:\/\/groups.tecnico.ulisboa.pt\/biocfiber\/wp-json\/wp\/v2\/pages\/358","targetHints":{"allow":["GET"]}}],"collection":[{"href":"https:\/\/groups.tecnico.ulisboa.pt\/biocfiber\/wp-json\/wp\/v2\/pages"}],"about":[{"href":"https:\/\/groups.tecnico.ulisboa.pt\/biocfiber\/wp-json\/wp\/v2\/types\/page"}],"author":[{"embeddable":true,"href":"https:\/\/groups.tecnico.ulisboa.pt\/biocfiber\/wp-json\/wp\/v2\/users\/1"}],"replies":[{"embeddable":true,"href":"https:\/\/groups.tecnico.ulisboa.pt\/biocfiber\/wp-json\/wp\/v2\/comments?post=358"}],"version-history":[{"count":80,"href":"https:\/\/groups.tecnico.ulisboa.pt\/biocfiber\/wp-json\/wp\/v2\/pages\/358\/revisions"}],"predecessor-version":[{"id":1985,"href":"https:\/\/groups.tecnico.ulisboa.pt\/biocfiber\/wp-json\/wp\/v2\/pages\/358\/revisions\/1985"}],"wp:attachment":[{"href":"https:\/\/groups.tecnico.ulisboa.pt\/biocfiber\/wp-json\/wp\/v2\/media?parent=358"}],"curies":[{"name":"wp","href":"https:\/\/api.w.org\/{rel}","templated":true}]}}