{"id":1258,"date":"2018-05-08T11:39:00","date_gmt":"2018-05-08T11:39:00","guid":{"rendered":"https:\/\/groups.tecnico.ulisboa.pt\/~larsys.daemon\/?page_id=1258"},"modified":"2018-06-05T17:00:43","modified_gmt":"2018-06-05T17:00:43","slug":"collaborative-relationships","status":"publish","type":"page","link":"https:\/\/groups.tecnico.ulisboa.pt\/~larsys.daemon\/collaborative-relationships\/","title":{"rendered":"Tech-Transfer"},"content":{"rendered":"<p>LARSYS generated several national and international patents:<\/p>\n<ul>\n<li><a href=\"https:\/\/patentscope.wipo.int\/search\/pt\/detail.jsf?docId=WO2017200408&amp;redirectedID=true\">WO2017\/200408A1<\/a> &#8211; Processo de Extra\u00e7\u00e3o de L\u00edtio<\/li>\n<li><a href=\"https:\/\/patentscope.wipo.int\/search\/pt\/detail.jsf?docId=WO2016018165&amp;redirectedID=true\">WO2016018165<\/a> &#8211;\u00a0Processo de prepara\u00e7\u00e3o de electr\u00f3litos<\/li>\n<li><a href=\"https:\/\/servicosonline.inpi.pt\/pesquisas\/GetSintesePDF?nord=5744723\">PT20150108374 20150416<\/a> &#8211;\u00a0Sistema de prato e base para armazenamento t\u00e9rmico<\/li>\n<li><a href=\"https:\/\/servicosonline.inpi.pt\/pesquisas\/GetSintesePDF?nord=4008799\">PT2014\/106574<\/a> &#8211;\u00a0Unidade de tra\u00e7\u00e3o e orienta\u00e7\u00e3o de rodas em ve\u00edculos \u00a0Omnidireccionais<\/li>\n<li><a href=\"http:\/\/www.sumobrain.com\/patents\/us\/Method-recognizing-position-workpiece-from\/9361695.html\">US 9361695 B2<\/a> &#8211;\u00a0M\u00e9todo de reconhecimento de uma imagem fotografada<\/li>\n<\/ul>\n<p>LARSyS collaborates with SMEs and large companies generating many industry spinoffs in area of robotics, software, energy and environment such as Hidromod, Action Modulers, Terraprima (UN- and EC-awarded SME), 3Drivers, WATT-IS, AGORA, ALBATROZ, BLUE EDGE; IDMIND, REVERSE, TURFLYNX, Wow Systems, PRSMA (H2020 SME Inst), Mambu, Root.IO, Trance.<\/p>\n<p>LARSyS retains a network of collaborative relationships:<\/p>\n<ul>\n<li>an Executive Director in the Portuguese Automotive Cluster MOBINOV;<\/li>\n<li>a protocol with the Centre of Engineering and Product Development (CEiiA) for joint research in the fields of advanced-manufacturing and autonomous systems;<\/li>\n<li>a partnership with Thales that involved technology transfer and joint development of new technologies for Smart City applications;<\/li>\n<li>a close connection with the Portuguese Aeronautics, Space and Defense Cluster (AED).<\/li>\n<\/ul>\n<p>LARSyS coordinates a graduate fellowship program sponsored by GALP-Energia for the development of practical skills in the area of energy efficiency in industry and\u00a0is a co-founder of the Lisbon Robotics Cluster, led by the Lisbon City Council and aiming to federate the stakeholders of the Robotics ecosystem in the Lisbon region.<\/p>\n<p><strong>\u00a0<\/strong><\/p>\n","protected":false},"excerpt":{"rendered":"<p>LARSYS generated several national and international patents: WO2017\/200408A1 &#8211; Processo de Extra\u00e7\u00e3o de L\u00edtio WO2016018165 &#8211;\u00a0Processo de prepara\u00e7\u00e3o de electr\u00f3litos PT20150108374 20150416 &#8211;\u00a0Sistema de prato e base para armazenamento t\u00e9rmico<\/p>\n<p><span class=\"more-wrapper\"><a class=\"more-link button\" href=\"https:\/\/groups.tecnico.ulisboa.pt\/~larsys.daemon\/collaborative-relationships\/\">Read More<\/a><\/span><\/p>\n","protected":false},"author":8,"featured_media":0,"parent":0,"menu_order":0,"comment_status":"closed","ping_status":"closed","template":"","meta":{"footnotes":""},"class_list":["post-1258","page","type-page","status-publish","hentry"],"_links":{"self":[{"href":"https:\/\/groups.tecnico.ulisboa.pt\/~larsys.daemon\/wp-json\/wp\/v2\/pages\/1258","targetHints":{"allow":["GET"]}}],"collection":[{"href":"https:\/\/groups.tecnico.ulisboa.pt\/~larsys.daemon\/wp-json\/wp\/v2\/pages"}],"about":[{"href":"https:\/\/groups.tecnico.ulisboa.pt\/~larsys.daemon\/wp-json\/wp\/v2\/types\/page"}],"author":[{"embeddable":true,"href":"https:\/\/groups.tecnico.ulisboa.pt\/~larsys.daemon\/wp-json\/wp\/v2\/users\/8"}],"replies":[{"embeddable":true,"href":"https:\/\/groups.tecnico.ulisboa.pt\/~larsys.daemon\/wp-json\/wp\/v2\/comments?post=1258"}],"version-history":[{"count":0,"href":"https:\/\/groups.tecnico.ulisboa.pt\/~larsys.daemon\/wp-json\/wp\/v2\/pages\/1258\/revisions"}],"wp:attachment":[{"href":"https:\/\/groups.tecnico.ulisboa.pt\/~larsys.daemon\/wp-json\/wp\/v2\/media?parent=1258"}],"curies":[{"name":"wp","href":"https:\/\/api.w.org\/{rel}","templated":true}]}}