{"id":2655,"date":"2021-06-22T09:28:40","date_gmt":"2021-06-22T09:28:40","guid":{"rendered":"https:\/\/groups.tecnico.ulisboa.pt\/~larsys.daemon\/?page_id=2655"},"modified":"2021-06-25T13:15:27","modified_gmt":"2021-06-25T13:15:27","slug":"open-tenure-track-research-positions-for-the-larsys-laboratory","status":"publish","type":"page","link":"https:\/\/groups.tecnico.ulisboa.pt\/~larsys.daemon\/open-tenure-track-research-positions-for-the-larsys-laboratory\/","title":{"rendered":"Scouting for Tenure-Track Research Positions"},"content":{"rendered":"\t\t<div data-elementor-type=\"wp-page\" data-elementor-id=\"2655\" class=\"elementor elementor-2655\">\n\t\t\t\t\t\t<section class=\"elementor-section elementor-top-section elementor-element elementor-element-62cc5bd elementor-section-boxed elementor-section-height-default elementor-section-height-default\" data-id=\"62cc5bd\" data-element_type=\"section\" data-e-type=\"section\">\n\t\t\t\t\t\t<div class=\"elementor-container elementor-column-gap-default\">\n\t\t\t\t\t<div class=\"elementor-column elementor-col-100 elementor-top-column elementor-element elementor-element-2a5a59f\" data-id=\"2a5a59f\" data-element_type=\"column\" data-e-type=\"column\">\n\t\t\t<div class=\"elementor-widget-wrap elementor-element-populated\">\n\t\t\t\t\t\t<div class=\"elementor-element elementor-element-199acca elementor-widget elementor-widget-text-editor\" data-id=\"199acca\" data-element_type=\"widget\" data-e-type=\"widget\" data-widget_type=\"text-editor.default\">\n\t\t\t\t<div class=\"elementor-widget-container\">\n\t\t\t\t\t\t\t\t\t<p><span style=\"color: #000000;\">LARSyS associated laboratory through funding awarded by Funda\u00e7\u00e3o para a Ci\u00eancia e Tecnologia (FCT) is\u00a0searching for potential candidates for up to 16 tenure-track research positions in the following areas: Robotics, Sustainability, Human-Computer Interaction, Energy, Computer Science, Design, Social Sciences, Data Science. These research positions will catalyze collaboration at the LARSyS Thematic Lines- AIR, LIFE, INTERACTION, OCEANS, and URBAN.<\/span><\/p><p><span style=\"color: #000000;\">This scouting process aims at establishing a pool of outstanding researchers and informing the schedule of formal applications according to the applicable laws and regulations.<\/span><\/p><h4><span style=\"color: #000000;\"><strong>1. APPLICATION PERIOD<\/strong><\/span><\/h4><p><span style=\"color: #000000;\">The\u00a0application period will be open from\u00a0<u>June 23rd to July 23rd.<\/u><\/span><\/p><h4><span style=\"color: #000000;\"><strong>2. CANDIDATES PROFILE<\/strong><\/span><\/h4><p><span style=\"color: #000000;\">The successful candidates will work with a multi-disciplinary group of researchers, whose research agendas are complemented and extended through a set of 5 interdisciplinary Thematic Lines:<\/span><\/p><ul><li><span style=\"color: #000000;\">OCEANS: Exploration and Exploitation<\/span><\/li><li><span style=\"color: #000000;\">URBAN: Sustainability<\/span><\/li><li><span style=\"color: #000000;\">AIR: Aeronautics and Space Systems<\/span><\/li><li><span style=\"color: #000000;\">LIFE: Engineering for and from the Life Sciences<\/span><\/li><li><span style=\"color: #000000;\">INTERACTION: Cognitive Robotics and Human Experience<\/span><\/li><\/ul><p><span style=\"color: #000000;\">Additional information may be\u00a0provided via email\u00a0<span style=\"color: #3366ff;\"><a style=\"color: #3366ff;\" href=\"mailto:info@groups.tecnico.ulisboa.pt\">info@groups.tecnico.ulisboa.pt<\/a><\/span><\/span><\/p><p><span style=\"color: #000000;\">Applications\u00a0must be submitted through an online platform. For the details of the call and submission instructions check the link below, \u201cTerms of the Call\u201d.<\/span><\/p><p><span style=\"color: #000000; font-size: 1em;\">\u00a0<\/span><\/p>\t\t\t\t\t\t\t\t<\/div>\n\t\t\t\t<\/div>\n\t\t\t\t\t<\/div>\n\t\t<\/div>\n\t\t\t\t\t<\/div>\n\t\t<\/section>\n\t\t\t\t<section class=\"elementor-section elementor-top-section elementor-element elementor-element-4a8a4bb elementor-section-boxed elementor-section-height-default elementor-section-height-default\" data-id=\"4a8a4bb\" data-element_type=\"section\" data-e-type=\"section\">\n\t\t\t\t\t\t<div class=\"elementor-container elementor-column-gap-default\">\n\t\t\t\t\t<div class=\"elementor-column elementor-col-100 elementor-top-column elementor-element elementor-element-44ab717\" data-id=\"44ab717\" data-element_type=\"column\" data-e-type=\"column\">\n\t\t\t<div class=\"elementor-widget-wrap elementor-element-populated\">\n\t\t\t\t\t\t<div class=\"elementor-element elementor-element-89aaed0 elementor-widget elementor-widget-text-editor\" data-id=\"89aaed0\" data-element_type=\"widget\" data-e-type=\"widget\" data-widget_type=\"text-editor.default\">\n\t\t\t\t<div class=\"elementor-widget-container\">\n\t\t\t\t\t\t\t\t\t<p>\n<table id=\"tablepress-11\" class=\"tablepress tablepress-id-11\">\n<thead>\n<tr class=\"row-1\">\n\t<th class=\"column-1\"><strong>STATUS<\/strong><\/th><th class=\"column-2\"><strong>IMPORTANT DATES<\/strong><\/th><th class=\"column-3\"><strong>TERMS OF THE CALL<\/strong><\/th><th class=\"column-4\"><strong>RESULTS<\/strong><\/th>\n<\/tr>\n<\/thead>\n<tbody class=\"row-striping row-hover\">\n<tr class=\"row-2\">\n\t<td class=\"column-1\">Open<\/td><td class=\"column-2\">June 23rd (noon WEST) \u2013 July 23rd (midnight WEST)<\/td><td class=\"column-3\"><a href=\"https:\/\/fenix.tecnico.ulisboa.pt\/publico\/genericApplications.do?method=viewApplicationPeriod&amp;applicationPeriodId=1414324140638218&amp;_request_checksum_=f0e28de43d8b1bc9e8a25dc913ff4dbd7d629baf\" rel=\"noopener\" target=\"_blank\">Terms of the Call<\/a><\/td><td class=\"column-4\">TBA<\/td>\n<\/tr>\n<\/tbody>\n<\/table>\n<!-- #tablepress-11 from cache --><\/p>\t\t\t\t\t\t\t\t<\/div>\n\t\t\t\t<\/div>\n\t\t\t\t\t<\/div>\n\t\t<\/div>\n\t\t\t\t\t<\/div>\n\t\t<\/section>\n\t\t\t\t<section class=\"elementor-section elementor-top-section elementor-element elementor-element-15f35f1 elementor-section-boxed elementor-section-height-default elementor-section-height-default\" data-id=\"15f35f1\" data-element_type=\"section\" data-e-type=\"section\">\n\t\t\t\t\t\t<div class=\"elementor-container elementor-column-gap-default\">\n\t\t\t\t\t<div class=\"elementor-column elementor-col-100 elementor-top-column elementor-element elementor-element-2bb04c0\" data-id=\"2bb04c0\" data-element_type=\"column\" data-e-type=\"column\">\n\t\t\t<div class=\"elementor-widget-wrap elementor-element-populated\">\n\t\t\t\t\t\t<div class=\"elementor-element elementor-element-19f2fc4 elementor-widget elementor-widget-image\" data-id=\"19f2fc4\" data-element_type=\"widget\" data-e-type=\"widget\" data-widget_type=\"image.default\">\n\t\t\t\t<div class=\"elementor-widget-container\">\n\t\t\t\t\t\t\t\t\t\t\t\t\t\t\t<img decoding=\"async\" width=\"267\" height=\"82\" data-src=\"https:\/\/groups.tecnico.ulisboa.pt\/~larsys.daemon\/wp-content\/uploads\/2021\/06\/Captura-de-ecra\u0303-2021-06-21-a\u0300s-14.53.23.png\" class=\"attachment-large size-large wp-image-2689 lazyload\" alt=\"\" src=\"data:image\/gif;base64,R0lGODlhAQABAAAAACH5BAEKAAEALAAAAAABAAEAAAICTAEAOw==\" style=\"--smush-placeholder-width: 267px; --smush-placeholder-aspect-ratio: 267\/82;\" \/><noscript><img decoding=\"async\" width=\"267\" height=\"82\" src=\"https:\/\/groups.tecnico.ulisboa.pt\/~larsys.daemon\/wp-content\/uploads\/2021\/06\/Captura-de-ecra\u0303-2021-06-21-a\u0300s-14.53.23.png\" class=\"attachment-large size-large wp-image-2689\" alt=\"\" \/><\/noscript>\t\t\t\t\t\t\t\t\t\t\t\t\t\t\t<\/div>\n\t\t\t\t<\/div>\n\t\t\t\t\t<\/div>\n\t\t<\/div>\n\t\t\t\t\t<\/div>\n\t\t<\/section>\n\t\t\t\t<\/div>\n\t\t","protected":false},"excerpt":{"rendered":"<p>LARSyS associated laboratory through funding awarded by Funda\u00e7\u00e3o para a Ci\u00eancia e Tecnologia (FCT) is\u00a0searching for potential candidates for up to 16 tenure-track research positions in the following areas: Robotics,<\/p>\n<p><span class=\"more-wrapper\"><a class=\"more-link button\" href=\"https:\/\/groups.tecnico.ulisboa.pt\/~larsys.daemon\/open-tenure-track-research-positions-for-the-larsys-laboratory\/\">Read More<\/a><\/span><\/p>\n","protected":false},"author":5,"featured_media":0,"parent":0,"menu_order":0,"comment_status":"closed","ping_status":"closed","template":"","meta":{"footnotes":""},"class_list":["post-2655","page","type-page","status-publish","hentry"],"_links":{"self":[{"href":"https:\/\/groups.tecnico.ulisboa.pt\/~larsys.daemon\/wp-json\/wp\/v2\/pages\/2655","targetHints":{"allow":["GET"]}}],"collection":[{"href":"https:\/\/groups.tecnico.ulisboa.pt\/~larsys.daemon\/wp-json\/wp\/v2\/pages"}],"about":[{"href":"https:\/\/groups.tecnico.ulisboa.pt\/~larsys.daemon\/wp-json\/wp\/v2\/types\/page"}],"author":[{"embeddable":true,"href":"https:\/\/groups.tecnico.ulisboa.pt\/~larsys.daemon\/wp-json\/wp\/v2\/users\/5"}],"replies":[{"embeddable":true,"href":"https:\/\/groups.tecnico.ulisboa.pt\/~larsys.daemon\/wp-json\/wp\/v2\/comments?post=2655"}],"version-history":[{"count":32,"href":"https:\/\/groups.tecnico.ulisboa.pt\/~larsys.daemon\/wp-json\/wp\/v2\/pages\/2655\/revisions"}],"predecessor-version":[{"id":2760,"href":"https:\/\/groups.tecnico.ulisboa.pt\/~larsys.daemon\/wp-json\/wp\/v2\/pages\/2655\/revisions\/2760"}],"wp:attachment":[{"href":"https:\/\/groups.tecnico.ulisboa.pt\/~larsys.daemon\/wp-json\/wp\/v2\/media?parent=2655"}],"curies":[{"name":"wp","href":"https:\/\/api.w.org\/{rel}","templated":true}]}}