{"id":91,"date":"2018-02-15T11:09:41","date_gmt":"2018-02-15T11:09:41","guid":{"rendered":"https:\/\/groups.tecnico.ulisboa.pt\/~larsys.daemon\/?page_id=91"},"modified":"2023-12-20T11:58:38","modified_gmt":"2023-12-20T11:58:38","slug":"news","status":"publish","type":"page","link":"https:\/\/groups.tecnico.ulisboa.pt\/~larsys.daemon\/news\/","title":{"rendered":"News"},"content":{"rendered":"<div id=\"pl-91\"  class=\"panel-layout\" ><div id=\"pg-91-0\"  class=\"panel-grid panel-no-style\" ><div id=\"pgc-91-0-0\"  class=\"panel-grid-cell\" ><div id=\"panel-91-0-0-0\" class=\"so-panel widget widget_rss panel-first-child\" data-index=\"0\" ><h3 class=\"widget-title\"><a class=\"rsswidget rss-widget-feed\" href=\"https:\/\/iti.larsys.pt\/feed\/\"><img decoding=\"async\" class=\"rss-widget-icon lazyload\" style=\"--smush-placeholder-width: 14px; --smush-placeholder-aspect-ratio: 14\/14;border:0\" width=\"14\" height=\"14\" data-src=\"https:\/\/groups.tecnico.ulisboa.pt\/~larsys.daemon\/wp-includes\/images\/rss.png\" alt=\"RSS\" src=\"data:image\/gif;base64,R0lGODlhAQABAAAAACH5BAEKAAEALAAAAAABAAEAAAICTAEAOw==\" \/><noscript><img decoding=\"async\" class=\"rss-widget-icon lazyload\" style=\"--smush-placeholder-width: 14px; --smush-placeholder-aspect-ratio: 14\/14;border:0\" width=\"14\" height=\"14\" data-src=\"https:\/\/groups.tecnico.ulisboa.pt\/~larsys.daemon\/wp-includes\/images\/rss.png\" alt=\"RSS\" src=\"data:image\/gif;base64,R0lGODlhAQABAAAAACH5BAEKAAEALAAAAAABAAEAAAICTAEAOw==\" \/><noscript><img decoding=\"async\" class=\"rss-widget-icon lazyload\" style=\"--smush-placeholder-width: 14px; --smush-placeholder-aspect-ratio: 14\/14;border:0\" width=\"14\" height=\"14\" data-src=\"https:\/\/groups.tecnico.ulisboa.pt\/~larsys.daemon\/wp-includes\/images\/rss.png\" alt=\"RSS\" src=\"data:image\/gif;base64,R0lGODlhAQABAAAAACH5BAEKAAEALAAAAAABAAEAAAICTAEAOw==\" \/><noscript><img decoding=\"async\" class=\"rss-widget-icon lazyload\" style=\"--smush-placeholder-width: 14px; --smush-placeholder-aspect-ratio: 14\/14;border:0\" width=\"14\" height=\"14\" data-src=\"https:\/\/groups.tecnico.ulisboa.pt\/~larsys.daemon\/wp-includes\/images\/rss.png\" alt=\"RSS\" src=\"data:image\/gif;base64,R0lGODlhAQABAAAAACH5BAEKAAEALAAAAAABAAEAAAICTAEAOw==\" \/><noscript><img decoding=\"async\" class=\"rss-widget-icon\" style=\"border:0\" width=\"14\" height=\"14\" src=\"https:\/\/groups.tecnico.ulisboa.pt\/~larsys.daemon\/wp-includes\/images\/rss.png\" alt=\"RSS\" \/><\/noscript><\/noscript><\/noscript><\/noscript><\/a> <a class=\"rsswidget rss-widget-title\" href=\"https:\/\/iti.larsys.pt\/\">ITI<\/a><\/h3><ul><li><a class='rsswidget' href='https:\/\/iti.larsys.pt\/iti-larsys-at-acm-chi-conference-on-human-factors-in-computing-systems-2026\/'>ITI\u2019s impressive contribution at\u00a0the ACM CHI Conference 2026 in Barcelona<\/a> <span class=\"rss-date\">April 14, 2026<\/span><div class=\"rssSummary\">ITI\/LARSyS is at CHI 2026, with an impressive presence from researchers and collaborators across the programme. This year\u2019s presence includes: \ud83c\udfc6 The Best Paper distinction was awarded to\u00a0Towards Fluent Interaction with Cyber-Physical Architecture.\u2b50 An Honorable Mention was awarded to\u00a0EcoAssist: Embedding Sustainability into AI-Assisted Frontend Development. Across the programme, these contributions engage with: \ud83d\udcc4 Full Papers [&hellip;]<\/div><\/li><li><a class='rsswidget' href='https:\/\/iti.larsys.pt\/movida-project-launches-exploring-ai-and-accessibility-in-contemporary-dance\/'>MOVIDA project launches, exploring AI and accessibility in contemporary dance<\/a> <span class=\"rss-date\">April 7, 2026<\/span><div class=\"rssSummary\">The Interactive Technologies Institute (ITI\/LARSyS) is part of\u00a0MOVIDA\u00a0(Movement and Virtual Intelligence for the Development and Accessibility of Artists and Audiences), a new European project that started on April 1, 2026 and runs until March 31, 2029. Coordinated by\u00a0Tallinn University, the project explores how Artificial Intelligence and related technologies, including Virtual and Augmented Reality and embodied [&hellip;]<\/div><\/li><li><a class='rsswidget' href='https:\/\/iti.larsys.pt\/iti-larsys-researchers-at-acm-tei-2026-chicago\/'>ITI\/LARSyS researchers at ACM TEI 2026, Chicago<\/a> <span class=\"rss-date\">March 12, 2026<\/span><div class=\"rssSummary\">Researchers from the Interactive Technologies Institute (ITI\/LARSyS) presented several contributions at the\u00a020th ACM Conference on Tangible, Embedded, and Embodied Interaction (TEI 2026), taking place in Chicago, United States. TEI is one of the main international venues in Human\u2013Computer Interaction dedicated to research on tangible interfaces, embodied interaction, and the integration of digital technologies with the [&hellip;]<\/div><\/li><li><a class='rsswidget' href='https:\/\/iti.larsys.pt\/iti-researcher-decio-alves-receives-valor-madeira-award\/'>ITI researcher D\u00e9cio Alves receives +Valor Madeira Award<\/a> <span class=\"rss-date\">March 9, 2026<\/span><div class=\"rssSummary\">D\u00e9cio Damasceno Mendon\u00e7a Alves, researcher at the\u00a0Interactive Technologies Institute, has received the\u00a05th edition of the +Valor Madeira Award, presented by the\u00a0Assembleia Legislativa da Regi\u00e3o Aut\u00f3noma da Madeira. The award recognized his doctoral thesis,\u00a0\u201cPrevis\u00e3o a muito curto prazo da velocidade e dire\u00e7\u00e3o do vento para as opera\u00e7\u00f5es de tr\u00e1fego a\u00e9reo no Aeroporto da Madeira\u201d\u00a0(\u201cVery Short-Range Forecasting [&hellip;]<\/div><\/li><li><a class='rsswidget' href='https:\/\/iti.larsys.pt\/new-book-interspecies-edited-by-mariana-pestana-documents-the-co-curated-exhibition-with-iti-researchers\/'>New book\u00a0Interspecies documents the co-curated exhibition with ITI researchers<\/a> <span class=\"rss-date\">February 25, 2026<\/span><div class=\"rssSummary\">The book\u00a0Interspecies, edited by\u00a0Mariana Pestana, documents the research and co-curatorial process developed for the exhibition at\u00a0Centro de Arquitetura MAC\/CCB, and was co-published with\u00a0Bartlebooth. Conceived both as an exhibition and as a research device, the project was collaboratively shaped by researchers from the\u00a0Interactive Technologies Institute, including Anna Bertmark, Bernardo Gaeiras, Carlos Pastor, Fernanda Costa, Katerina Inglezaki, [&hellip;]<\/div><\/li><li><a class='rsswidget' href='https:\/\/iti.larsys.pt\/biotopia-opens-at-the-natural-history-museum-of-funchal\/'>Biotopia Opens at the Natural History Museum of Funchal<\/a> <span class=\"rss-date\">February 19, 2026<\/span><div class=\"rssSummary\">Biotopia\u00a0is now open to the public at the\u00a0Museu de Hist\u00f3ria Natural do Funchal, where it will remain on view over the coming months. The exhibition was developed within the European research project\u00a0LoGaCulture \u2013 Locative Games for Cultural Heritage, coordinated at the\u00a0Interactive Technologies Institute\u00a0(ITI). LoGaCulture brings together leading researchers in digital locative games and cultural heritage [&hellip;]<\/div><\/li><li><a class='rsswidget' href='https:\/\/iti.larsys.pt\/broadening-art-science-collaboration-through-design-in-trends-in-biotechnology-publication\/'>Broadening Art-Science collaboration through Design in\u00a0Trends in Biotechnology publication.<\/a> <span class=\"rss-date\">February 17, 2026<\/span><div class=\"rssSummary\">A new publication in\u00a0Trends in Biotechnology\u00a0presents recent work from Luis Quijano, Cristiano Pedroso-Roussado (ITI-LARSyS), and Enza Migliore. In \u201cBroadening art\u2013science collaboration in biotechnology: integrating design,\u201d the authors advocate for the evolution of transdisciplinary research by integrating design as a generative partner within the laboratory. This paradigm shift is of critical interest to biotechnologists, design practitioners, [&hellip;]<\/div><\/li><li><a class='rsswidget' href='https:\/\/iti.larsys.pt\/research-outputs-in-2025-168-contributions-across-leading-international-research-venues\/'>Research Outputs in 2025: 168 contributions across leading international research venues.<\/a> <span class=\"rss-date\">February 15, 2026<\/span><div class=\"rssSummary\">In 2025, the Interactive Technologies Institute (ITI) produced 168 peer-reviewed scientific outputs across international research venues, reflecting the sustained activity of its 24 Principal Investigators (PIs) and their research lines, composed of doctoral students, postdoctoral researchers, and collaborators across multiple scientific domains. The year\u2019s output includes 89 journal articles, 8 review articles, 33 conference papers, [&hellip;]<\/div><\/li><li><a class='rsswidget' href='https:\/\/iti.larsys.pt\/iti-at-tecnico-innovation-summit-2026\/'>ITI at T\u00e9cnico Innovation Summit 2026.<\/a> <span class=\"rss-date\">February 11, 2026<\/span><div class=\"rssSummary\">On 3 February 2026, the Interactive Technologies Institute (ITI) participated in the second edition of the T\u00e9cnico Innovation Summit (TIS 2026), held at the T\u00e9cnico Innovation Center in Lisbon. Throughout the day, ITI was present with a dedicated stand showcasing several ongoing research projects developed within the Institute. The projects were presented directly by six [&hellip;]<\/div><\/li><li><a class='rsswidget' href='https:\/\/iti.larsys.pt\/call-for-expressions-of-interest-phd-researcher-position-tidal-arts\/'>Call for Expressions of Interest: PhD Researcher Position \u2013 TIDAL ArtS<\/a> <span class=\"rss-date\">January 25, 2026<\/span><div class=\"rssSummary\">The\u00a0Interactive Technologies Institute\u00a0(ITI) invites expressions of interest for\u00a0one PhD researcher position\u00a0in the fields of\u00a0Architecture or Digital Media, within the EU-funded project\u00a0TIDAL ArtS. This position is funded through a\u00a012-month grant, renewable for an additional 12 months, up to a maximum of\u00a024 months.Application deadline: 7 February 2026. About the project: TIDAL ArtS is an interdisciplinary initiative working [&hellip;]<\/div><\/li><\/ul><\/div><div id=\"panel-91-0-0-1\" class=\"so-panel widget widget_rss\" data-index=\"1\" ><h3 class=\"widget-title\"><a class=\"rsswidget rss-widget-feed\" href=\"https:\/\/in3.dem.ist.utl.pt\/rss\/\"><img decoding=\"async\" class=\"rss-widget-icon lazyload\" style=\"--smush-placeholder-width: 14px; --smush-placeholder-aspect-ratio: 14\/14;border:0\" width=\"14\" height=\"14\" data-src=\"https:\/\/groups.tecnico.ulisboa.pt\/~larsys.daemon\/wp-includes\/images\/rss.png\" alt=\"RSS\" src=\"data:image\/gif;base64,R0lGODlhAQABAAAAACH5BAEKAAEALAAAAAABAAEAAAICTAEAOw==\" \/><noscript><img decoding=\"async\" class=\"rss-widget-icon lazyload\" style=\"--smush-placeholder-width: 14px; --smush-placeholder-aspect-ratio: 14\/14;border:0\" width=\"14\" height=\"14\" data-src=\"https:\/\/groups.tecnico.ulisboa.pt\/~larsys.daemon\/wp-includes\/images\/rss.png\" alt=\"RSS\" src=\"data:image\/gif;base64,R0lGODlhAQABAAAAACH5BAEKAAEALAAAAAABAAEAAAICTAEAOw==\" \/><noscript><img decoding=\"async\" class=\"rss-widget-icon lazyload\" style=\"--smush-placeholder-width: 14px; --smush-placeholder-aspect-ratio: 14\/14;border:0\" width=\"14\" height=\"14\" data-src=\"https:\/\/groups.tecnico.ulisboa.pt\/~larsys.daemon\/wp-includes\/images\/rss.png\" alt=\"RSS\" src=\"data:image\/gif;base64,R0lGODlhAQABAAAAACH5BAEKAAEALAAAAAABAAEAAAICTAEAOw==\" \/><noscript><img decoding=\"async\" class=\"rss-widget-icon lazyload\" style=\"--smush-placeholder-width: 14px; --smush-placeholder-aspect-ratio: 14\/14;border:0\" width=\"14\" height=\"14\" data-src=\"https:\/\/groups.tecnico.ulisboa.pt\/~larsys.daemon\/wp-includes\/images\/rss.png\" alt=\"RSS\" src=\"data:image\/gif;base64,R0lGODlhAQABAAAAACH5BAEKAAEALAAAAAABAAEAAAICTAEAOw==\" \/><noscript><img decoding=\"async\" class=\"rss-widget-icon\" style=\"border:0\" width=\"14\" height=\"14\" src=\"https:\/\/groups.tecnico.ulisboa.pt\/~larsys.daemon\/wp-includes\/images\/rss.png\" alt=\"RSS\" \/><\/noscript><\/noscript><\/noscript><\/noscript><\/a> <a class=\"rsswidget rss-widget-title\" href=\"https:\/\/in3.dem.ist.utl.pt\/\">IN+<\/a><\/h3><ul><li><a class='rsswidget' href='https:\/\/sciencebusiness.net\/news\/careers\/project-based-funding-should-no-longer-drive-research-careers-says-heitor'>Project-based funding should no longer drive research careers<\/a> <span class=\"rss-date\">April 9, 2026<\/span><div class=\"rssSummary\">Research careers in Europe have become too closely linked to short, project-based funding cycles, which creates instability, especially for early-career researchers, and discourages ambitious, long-term work.\u201cWe need to recognise it as a bad practice that needs to be broken\u201d, said Manuel Heitor.<\/div><\/li><li><a class='rsswidget' href='https:\/\/in3.dem.ist.utl.pt\/news\/news\/report-advancing-research-careers-across-europe'>Report: Advancing research careers across Europe<\/a> <span class=\"rss-date\">March 31, 2026<\/span><div class=\"rssSummary\">This report published by CESAER presents good practice case studies on how universities of science and technology are strengthening research careers and supporting the next generation of researchers across Europe.<\/div><\/li><li><a class='rsswidget' href='https:\/\/sol.iol.pt\/opiniao\/noticias\/rui-costa-neto-biometano-a-energia-gerada-pelos-nossos-residuos\/20260323\/69c12c840cf27f6588a6747b'>Biomethane: energy generated from our waste<\/a> <span class=\"rss-date\">March 23, 2026<\/span><div class=\"rssSummary\">In this opinion piece, Rui Costa Neto writes about biomethane and its potential to create skilled jobs, boost local economies, and strengthen cities\u2019 energy independence.<\/div><\/li><li><a class='rsswidget' href='https:\/\/in3.dem.ist.utl.pt\/news\/news\/joana-mendon%C3%A7a.received-women-3.-award-academia-category'>Joana Mendon\u00e7a received the Women 3.0 Award in the Academia category<\/a> <span class=\"rss-date\">March 11, 2026<\/span><div class=\"rssSummary\">This award recognizes women whose talent, work, and leadership have a significant impacton the economy, society, and technological transformation.<\/div><\/li><li><a class='rsswidget' href='https:\/\/in3.dem.ist.utl.pt\/news\/news\/paulo-ferrao-appointed-chair-of-the-eu-mission-climate-neutral-smart-cities'>Paulo Ferr\u00e3o appointed Chair of the EU Mission: Climate-Neutral and Smart Cities<\/a> <span class=\"rss-date\">March 2, 2026<\/span><div class=\"rssSummary\">This nomination comes after he served as Acting Chair during almost a year and a half.<\/div><\/li><\/ul><\/div><div id=\"panel-91-0-0-2\" class=\"so-panel widget widget_rss\" data-index=\"2\" ><h3 class=\"widget-title\"><a class=\"rsswidget rss-widget-feed\" href=\"http:\/\/welcome.isr.tecnico.ulisboa.pt\/feed\/\"><img decoding=\"async\" class=\"rss-widget-icon lazyload\" style=\"--smush-placeholder-width: 14px; --smush-placeholder-aspect-ratio: 14\/14;border:0\" width=\"14\" height=\"14\" data-src=\"https:\/\/groups.tecnico.ulisboa.pt\/~larsys.daemon\/wp-includes\/images\/rss.png\" alt=\"RSS\" src=\"data:image\/gif;base64,R0lGODlhAQABAAAAACH5BAEKAAEALAAAAAABAAEAAAICTAEAOw==\" \/><noscript><img decoding=\"async\" class=\"rss-widget-icon lazyload\" style=\"--smush-placeholder-width: 14px; --smush-placeholder-aspect-ratio: 14\/14;border:0\" width=\"14\" height=\"14\" data-src=\"https:\/\/groups.tecnico.ulisboa.pt\/~larsys.daemon\/wp-includes\/images\/rss.png\" alt=\"RSS\" src=\"data:image\/gif;base64,R0lGODlhAQABAAAAACH5BAEKAAEALAAAAAABAAEAAAICTAEAOw==\" \/><noscript><img decoding=\"async\" class=\"rss-widget-icon lazyload\" style=\"--smush-placeholder-width: 14px; --smush-placeholder-aspect-ratio: 14\/14;border:0\" width=\"14\" height=\"14\" data-src=\"https:\/\/groups.tecnico.ulisboa.pt\/~larsys.daemon\/wp-includes\/images\/rss.png\" alt=\"RSS\" src=\"data:image\/gif;base64,R0lGODlhAQABAAAAACH5BAEKAAEALAAAAAABAAEAAAICTAEAOw==\" \/><noscript><img decoding=\"async\" class=\"rss-widget-icon lazyload\" style=\"--smush-placeholder-width: 14px; --smush-placeholder-aspect-ratio: 14\/14;border:0\" width=\"14\" height=\"14\" data-src=\"https:\/\/groups.tecnico.ulisboa.pt\/~larsys.daemon\/wp-includes\/images\/rss.png\" alt=\"RSS\" src=\"data:image\/gif;base64,R0lGODlhAQABAAAAACH5BAEKAAEALAAAAAABAAEAAAICTAEAOw==\" \/><noscript><img decoding=\"async\" class=\"rss-widget-icon\" style=\"border:0\" width=\"14\" height=\"14\" src=\"https:\/\/groups.tecnico.ulisboa.pt\/~larsys.daemon\/wp-includes\/images\/rss.png\" alt=\"RSS\" \/><\/noscript><\/noscript><\/noscript><\/noscript><\/a> <a class=\"rsswidget rss-widget-title\" href=\"https:\/\/isr.tecnico.ulisboa.pt\/\">ISR<\/a><\/h3><ul><li><a class='rsswidget' href='https:\/\/isr.tecnico.ulisboa.pt\/isr-lisboa-researchers-qualify-for-robocup-2026\/'>Two ISR Teams Qualify for RoboCup 2026<\/a> <span class=\"rss-date\">March 9, 2026<\/span><div class=\"rssSummary\">The SocRob@Home project is bringing not one but two teams to RoboCup 2026, taking place from June 30 to July 6 in Incheon, South Korea. It will be the first time the competition, known as the &quot;world&#039;s premier robotics&quot;, has ever been held in Asia<\/div><\/li><li><a class='rsswidget' href='https:\/\/isr.tecnico.ulisboa.pt\/partnership-with-champalimaud-foundation-to-advance-neurorobotics\/'>Partnership with Champalimaud Foundation to advance neurorobotics<\/a> <span class=\"rss-date\">February 27, 2026<\/span><div class=\"rssSummary\">Instituto Superior T\u00e9cnico and Funda\u00e7\u00e3o Champalimaud have formalised a new strategic collaboration to create a Neurorobotics Laboratory, reinforcing the central role of ISR-Lisboa in cutting-edge interdisciplinary research. Signed on 18 February, the Memorandum of Understanding establishes a long-term framework for scientific, technological, and training cooperation, with the new lab to be integrated into the Neurotechnology [&hellip;]<\/div><\/li><li><a class='rsswidget' href='https:\/\/isr.tecnico.ulisboa.pt\/final-session-of-ai-in-interaction-with-the-physical\/'>Final Session of AI in Interaction with the Physical World<\/a> <span class=\"rss-date\">February 23, 2026<\/span><div class=\"rssSummary\">The lecture series \u201cArtificial Intelligence in Interaction with the Physical World&quot; closed this February, after being started in June 2025. Hosted at the T\u00e9cnico Innovation Center, powered by Fidelidade, the series took place alongside the exhibition Art with Science, curated by Leonel Moura, reinforcing the dialogue between scientific research, technology, and society.<\/div><\/li><li><a class='rsswidget' href='https:\/\/isr.tecnico.ulisboa.pt\/37096-2\/'>T\u00e9cnico Innovation Summit 2026<\/a> <span class=\"rss-date\">February 2, 2026<\/span><div class=\"rssSummary\">The T\u00e9cnico Innovation Summit (TIS 2026) brought together R&amp;D units, spin-offs and industry partners to show how science becomes innovation with impact.<\/div><\/li><li><a class='rsswidget' href='https:\/\/isr.tecnico.ulisboa.pt\/happy-holidays\/'>Holiday Gathering<\/a> <span class=\"rss-date\">December 23, 2025<\/span><div class=\"rssSummary\">On December 17th we held a gathering at ISR-Lisboa to celebrate the Holiday spirit and share some laughs. It was an afternoon full of warmth.<\/div><\/li><\/ul><\/div><div id=\"panel-91-0-0-3\" class=\"so-panel widget widget_rss panel-last-child\" data-index=\"3\" ><h3 class=\"widget-title\"><a class=\"rsswidget rss-widget-feed\" href=\"https:\/\/rss.app\/feeds\/7kJjBxWO72Ni5lQb.xml\"><img decoding=\"async\" class=\"rss-widget-icon lazyload\" style=\"--smush-placeholder-width: 14px; --smush-placeholder-aspect-ratio: 14\/14;border:0\" width=\"14\" height=\"14\" data-src=\"https:\/\/groups.tecnico.ulisboa.pt\/~larsys.daemon\/wp-includes\/images\/rss.png\" alt=\"RSS\" src=\"data:image\/gif;base64,R0lGODlhAQABAAAAACH5BAEKAAEALAAAAAABAAEAAAICTAEAOw==\" \/><noscript><img decoding=\"async\" class=\"rss-widget-icon lazyload\" style=\"--smush-placeholder-width: 14px; --smush-placeholder-aspect-ratio: 14\/14;border:0\" width=\"14\" height=\"14\" data-src=\"https:\/\/groups.tecnico.ulisboa.pt\/~larsys.daemon\/wp-includes\/images\/rss.png\" alt=\"RSS\" src=\"data:image\/gif;base64,R0lGODlhAQABAAAAACH5BAEKAAEALAAAAAABAAEAAAICTAEAOw==\" \/><noscript><img decoding=\"async\" class=\"rss-widget-icon lazyload\" style=\"--smush-placeholder-width: 14px; --smush-placeholder-aspect-ratio: 14\/14;border:0\" width=\"14\" height=\"14\" data-src=\"https:\/\/groups.tecnico.ulisboa.pt\/~larsys.daemon\/wp-includes\/images\/rss.png\" alt=\"RSS\" src=\"data:image\/gif;base64,R0lGODlhAQABAAAAACH5BAEKAAEALAAAAAABAAEAAAICTAEAOw==\" \/><noscript><img decoding=\"async\" class=\"rss-widget-icon lazyload\" style=\"--smush-placeholder-width: 14px; --smush-placeholder-aspect-ratio: 14\/14;border:0\" width=\"14\" height=\"14\" data-src=\"https:\/\/groups.tecnico.ulisboa.pt\/~larsys.daemon\/wp-includes\/images\/rss.png\" alt=\"RSS\" src=\"data:image\/gif;base64,R0lGODlhAQABAAAAACH5BAEKAAEALAAAAAABAAEAAAICTAEAOw==\" \/><noscript><img decoding=\"async\" class=\"rss-widget-icon\" style=\"border:0\" width=\"14\" height=\"14\" src=\"https:\/\/groups.tecnico.ulisboa.pt\/~larsys.daemon\/wp-includes\/images\/rss.png\" alt=\"RSS\" \/><\/noscript><\/noscript><\/noscript><\/noscript><\/a> <a class=\"rsswidget rss-widget-title\" href=\"http:\/\/maretec.org\/en\/news\">MARETEC<\/a><\/h3><ul><li><a class='rsswidget' href='https:\/\/rss.app\/articles\/cb4e791f267872c40443164f7ec4b09f0e1d5e2e0d38fd'>Untitled<\/a> <span class=\"rss-date\">January 29, 2022<\/span><div class=\"rssSummary\">The 2018 Research Award of the Belgian Committee of the International Water Association (BIWA) was awarded to Andreia Amaral, a joint Ph.D. student of Instituto Superior T\u00e9cnico (MARETEC), Portugal and Ghent University (BIOMATH), Belgium. This year\u2019s award was given based on the excellent research paper entitled: Towards advanced aeration modelling: from blower to bubbles to [&hellip;]<\/div><\/li><li><a class='rsswidget' href='https:\/\/rss.app\/articles\/cb4e791f267872de12465d567ad5fb8419195f241170bce4d5f1c8148a926ec4eb1eb60e6d'>IX Congresso sobre Planeamento e Gest\u00e3o das Zonas Costeiras dos Pa\u00edses de Express\u00e3o Portuguesa<\/a> <span class=\"rss-date\">March 7, 2019<\/span><div class=\"rssSummary\">Instituto Superior T\u00e9cnico | 14 a 16 de Maio de 2019<\/div><\/li><li><a class='rsswidget' href='https:\/\/rss.app\/articles\/cb4e791f267872de12465d567ad5fb8419195f241170bce4d5f1c8348a926ec4eb1eb60e69'>Doctoral student of MARETEC receives the 2018 Research Award from the Belgian Committee of the International Water Association (BIWA)<\/a> <span class=\"rss-date\">May 30, 2018<\/span><div class=\"rssSummary\">The 2018 Research Award of the Belgian Committee of the International Water Association (BIWA) was awarded to Andreia Amaral, a joint Ph.D. student of Instituto Superior T\u00e9cnico (MARETEC), Portugal and Ghent University (BIOMATH), Belgium. This year\u2019s award was given based on the excellent research paper entitled: Towards advanced aeration modelling: from blower to bubbles to [&hellip;]<\/div><\/li><\/ul><\/div><\/div><\/div><div id=\"pg-91-1\"  class=\"panel-grid panel-no-style\" ><div id=\"pgc-91-1-0\"  class=\"panel-grid-cell panel-grid-cell-empty\" ><\/div><\/div><\/div>","protected":false},"excerpt":{"rendered":"<p>ITIITI\u2019s impressive contribution at\u00a0the ACM CHI Conference 2026 in Barcelona April 14, 2026ITI\/LARSyS is at CHI 2026, with an impressive presence from researchers and collaborators across the programme. This year\u2019s<\/p>\n<p><span class=\"more-wrapper\"><a class=\"more-link button\" href=\"https:\/\/groups.tecnico.ulisboa.pt\/~larsys.daemon\/news\/\">Read More<\/a><\/span><\/p>\n","protected":false},"author":8,"featured_media":0,"parent":0,"menu_order":0,"comment_status":"closed","ping_status":"closed","template":"","meta":{"footnotes":""},"class_list":["post-91","page","type-page","status-publish","hentry"],"_links":{"self":[{"href":"https:\/\/groups.tecnico.ulisboa.pt\/~larsys.daemon\/wp-json\/wp\/v2\/pages\/91","targetHints":{"allow":["GET"]}}],"collection":[{"href":"https:\/\/groups.tecnico.ulisboa.pt\/~larsys.daemon\/wp-json\/wp\/v2\/pages"}],"about":[{"href":"https:\/\/groups.tecnico.ulisboa.pt\/~larsys.daemon\/wp-json\/wp\/v2\/types\/page"}],"author":[{"embeddable":true,"href":"https:\/\/groups.tecnico.ulisboa.pt\/~larsys.daemon\/wp-json\/wp\/v2\/users\/8"}],"replies":[{"embeddable":true,"href":"https:\/\/groups.tecnico.ulisboa.pt\/~larsys.daemon\/wp-json\/wp\/v2\/comments?post=91"}],"version-history":[{"count":42,"href":"https:\/\/groups.tecnico.ulisboa.pt\/~larsys.daemon\/wp-json\/wp\/v2\/pages\/91\/revisions"}],"predecessor-version":[{"id":4492,"href":"https:\/\/groups.tecnico.ulisboa.pt\/~larsys.daemon\/wp-json\/wp\/v2\/pages\/91\/revisions\/4492"}],"wp:attachment":[{"href":"https:\/\/groups.tecnico.ulisboa.pt\/~larsys.daemon\/wp-json\/wp\/v2\/media?parent=91"}],"curies":[{"name":"wp","href":"https:\/\/api.w.org\/{rel}","templated":true}]}}