{"id":16,"date":"2022-05-19T11:08:07","date_gmt":"2022-05-19T11:08:07","guid":{"rendered":"https:\/\/groups.tecnico.ulisboa.pt\/~spl.daemon\/?page_id=16"},"modified":"2025-10-30T14:27:56","modified_gmt":"2025-10-30T14:27:56","slug":"orgaos","status":"publish","type":"page","link":"https:\/\/groups.tecnico.ulisboa.pt\/~spl.daemon\/orgaos\/","title":{"rendered":"Organiza\u00e7\u00e3o"},"content":{"rendered":"\n<p><\/p>\n\n\n\n<p style=\"font-size:25px\">\u00d3rg\u00e3os Sociais <\/p>\n\n\n\n<p>Os \u00f3rg\u00e3os sociais da Sociedade Portuguesa de L\u00f3gica SPL s\u00e3o a Dire\u00e7\u00e3o, a Mesa da Assembleia Geral e o Conselho Fiscal. <\/p>\n\n\n\n<p>A sua constitui\u00e7\u00e3o atual, para o tri\u00e9nio 2025-2028, \u00e9 a seguinte:<\/p>\n\n\n\n<ul>\n<li><strong>Dire\u00e7\u00e3o<\/strong>: Cristina Sernadas (presidente), Lu\u00eds Caires (vice-presidente), Vasco Vasconcelos, Daniel Gra\u00e7a e Jos\u00e9 Esp\u00edrito Santo.<\/li>\n\n\n\n<li><strong>Mesa da Assembleia Geral<\/strong>: Francisco Dion\u00edsio (presidente), Olga Pombo e Manuel Martins.<\/li>\n\n\n\n<li><strong>Conselho Fiscal<\/strong>: Paulo de Sousa Mendes (presidente), Jos\u00e9 Cunha Leal Carmo, Ant\u00f3nio Zilh\u00e3o, M\u00e1rio Florido e Maria Paula Gouveia.<\/li>\n<\/ul>\n\n\n\n<p>   <br>   <\/p>\n\n\n\n<p class=\"has-medium-font-size\">\u00d3rg\u00e3os Sociais anteriores<\/p>\n\n\n\n<p>No tri\u00e9nio 2022-2025  tinham a seguinte constitui\u00e7\u00e3o:<\/p>\n\n\n\n<ul>\n<li><strong>Dire\u00e7\u00e3o<\/strong>: Cristina Sernadas (presidente), Lu\u00eds Caires (vice-presidente), Fernando Ferreira, In\u00eas Lynce e Vasco Vasconcelos.<\/li>\n\n\n\n<li><strong>Mesa da Assembleia Geral<\/strong>: Olga Pombo (presidente), Francisco Dion\u00edsio e Jos\u00e9 Esp\u00edrito Santo.<\/li>\n\n\n\n<li><strong>Conselho Fiscal<\/strong>: Paulo de Sousa Mendes (presidente), Ant\u00f3nio Zilh\u00e3o, Jos\u00e9 Cunha Leal Carmo, Manuel Martins e Maria Paula Gouveia.<\/li>\n<\/ul>\n\n\n\n<p><\/p>\n\n\n\n<p>Desde a data da sua funda\u00e7\u00e3o em 14 de janeiro de 2022 e at\u00e9 25 de junho de 2022 tinham a seguinte constitui\u00e7\u00e3o:<\/p>\n\n\n\n<ul>\n<li><strong>Dire\u00e7\u00e3o<\/strong>: Cristina Sernadas (presidente), In\u00eas Lynce, Lu\u00eds Caires, Maria Paula Gouveia e Vasco Vasconcelos.<\/li>\n\n\n\n<li><strong>Mesa da Assembleia Geral<\/strong>: Fernando Ferreira (presidente), Francisco Dion\u00edsio (secret\u00e1rio) e Jos\u00e9 Esp\u00edrito Santo (secret\u00e1rio).<\/li>\n\n\n\n<li><strong>Conselho Fiscal<\/strong>: Ant\u00f3nio Zilh\u00e3o (presidente), Manuel Martins, Olga Pombo, Paulo de Sousa Mendes e Reinhard Kahle.<\/li>\n<\/ul>\n\n\n\n<p>   <br> <br> <\/p>\n\n\n\n<p style=\"font-size:25px\">Estatutos<\/p>\n\n\n\n<p>Os estatutos constantes da escritura e os regulamentos internos espec\u00edficos s\u00e3o os seguintes:<\/p>\n\n\n\n<ul>\n<li><a rel=\"noreferrer noopener\" href=\"https:\/\/spl.tecnico.ulisboa.pt\/wp-content\/uploads\/2022\/09\/estatutos.pdf\" target=\"_blank\">Estatutos<\/a><\/li>\n\n\n\n<li><a rel=\"noreferrer noopener\" href=\"https:\/\/spl.tecnico.ulisboa.pt\/wp-content\/uploads\/2022\/05\/regulamento_socio.pdf\" target=\"_blank\">Regulamento de s\u00f3cio<\/a><\/li>\n\n\n\n<li><a rel=\"noreferrer noopener\" href=\"https:\/\/spl.tecnico.ulisboa.pt\/wp-content\/uploads\/2022\/05\/regulamento_eleicoes.pdf\" target=\"_blank\">Regulamento eleitoral<\/a><\/li>\n<\/ul>\n","protected":false},"excerpt":{"rendered":"<p>\u00d3rg\u00e3os Sociais Os \u00f3rg\u00e3os sociais da Sociedade Portuguesa de L\u00f3gica SPL s\u00e3o a Dire\u00e7\u00e3o, a Mesa da Assembleia Geral e o Conselho Fiscal. A sua constitui\u00e7\u00e3o atual, para o tri\u00e9nio 2025-2028, \u00e9 a seguinte: \u00d3rg\u00e3os Sociais anteriores No tri\u00e9nio 2022-2025 tinham a seguinte constitui\u00e7\u00e3o: Desde a data da sua funda\u00e7\u00e3o em 14 de janeiro de &hellip;<\/p>\n<p class=\"read-more\"> <a class=\"\" href=\"https:\/\/groups.tecnico.ulisboa.pt\/~spl.daemon\/orgaos\/\"> <span class=\"screen-reader-text\">Organiza\u00e7\u00e3o<\/span> Read More &raquo;<\/a><\/p>\n","protected":false},"author":1,"featured_media":0,"parent":0,"menu_order":0,"comment_status":"closed","ping_status":"closed","template":"","meta":{"site-sidebar-layout":"default","site-content-layout":"default","ast-global-header-display":"","ast-main-header-display":"","ast-hfb-above-header-display":"","ast-hfb-below-header-display":"","ast-hfb-mobile-header-display":"","site-post-title":"","ast-breadcrumbs-content":"","ast-featured-img":"","footer-sml-layout":"","theme-transparent-header-meta":"","adv-header-id-meta":"","stick-header-meta":"","header-above-stick-meta":"","header-main-stick-meta":"","header-below-stick-meta":"","footnotes":""},"_links":{"self":[{"href":"https:\/\/groups.tecnico.ulisboa.pt\/~spl.daemon\/wp-json\/wp\/v2\/pages\/16"}],"collection":[{"href":"https:\/\/groups.tecnico.ulisboa.pt\/~spl.daemon\/wp-json\/wp\/v2\/pages"}],"about":[{"href":"https:\/\/groups.tecnico.ulisboa.pt\/~spl.daemon\/wp-json\/wp\/v2\/types\/page"}],"author":[{"embeddable":true,"href":"https:\/\/groups.tecnico.ulisboa.pt\/~spl.daemon\/wp-json\/wp\/v2\/users\/1"}],"replies":[{"embeddable":true,"href":"https:\/\/groups.tecnico.ulisboa.pt\/~spl.daemon\/wp-json\/wp\/v2\/comments?post=16"}],"version-history":[{"count":30,"href":"https:\/\/groups.tecnico.ulisboa.pt\/~spl.daemon\/wp-json\/wp\/v2\/pages\/16\/revisions"}],"predecessor-version":[{"id":942,"href":"https:\/\/groups.tecnico.ulisboa.pt\/~spl.daemon\/wp-json\/wp\/v2\/pages\/16\/revisions\/942"}],"wp:attachment":[{"href":"https:\/\/groups.tecnico.ulisboa.pt\/~spl.daemon\/wp-json\/wp\/v2\/media?parent=16"}],"curies":[{"name":"wp","href":"https:\/\/api.w.org\/{rel}","templated":true}]}}