{"id":185,"date":"2022-09-12T13:10:47","date_gmt":"2022-09-12T13:10:47","guid":{"rendered":"https:\/\/groups.tecnico.ulisboa.pt\/~spl.daemon\/?page_id=185"},"modified":"2025-10-30T14:32:49","modified_gmt":"2025-10-30T14:32:49","slug":"statutory-bodies","status":"publish","type":"page","link":"https:\/\/groups.tecnico.ulisboa.pt\/~spl.daemon\/en\/statutory-bodies\/","title":{"rendered":"Organization"},"content":{"rendered":"\n<p style=\"font-size:25px\">Governing bodies<\/p>\n\n\n\n<p><\/p>\n\n\n\n<p>The governing bodies of the Portuguese Logic Society are the Governing Board, the General Assembly and the Finance Board.<\/p>\n\n\n\n<p><\/p>\n\n\n\n<p> The current formation, for the triennium 2025-2028, is as follows:<\/p>\n\n\n\n<ul>\n<li><strong>Governing Board<\/strong>:  Cristina Sernadas (chair), Lu\u00eds Caires (vice-chair), Vasco Vasconcelos, Daniel Gra\u00e7a e Jos\u00e9 Esp\u00edrito Santo.<\/li>\n\n\n\n<li><strong>General Assembly<\/strong>: Francisco Dion\u00edsio (chair),  Olga Pombo  and Manuel Martins.<\/li>\n\n\n\n<li><strong>Finance Board<\/strong>: Paulo de Sousa Mendes (chair),  Jos\u00e9 Cunha Leal Carmo, Ant\u00f3nio Zilh\u00e3o, M\u00e1rio Florido and Maria Paula Gouveia.<\/li>\n<\/ul>\n\n\n\n<p><\/p>\n\n\n\n<p class=\"has-medium-font-size\">Previous Formation<\/p>\n\n\n\n<p>The formation, for the triennium 2022-2025, was as follows:<\/p>\n\n\n\n<p><\/p>\n\n\n\n<ul>\n<li><strong>Governing Board<\/strong>:  Cristina Sernadas (chair), Lu\u00eds Caires (vice-chair), Fernando Ferreira, In\u00eas Lynce and Vasco Vasconcelos.<\/li>\n\n\n\n<li><strong>General Assembly<\/strong>: Olga Pombo (chair), Francisco Dion\u00edsio (secretary) and Jos\u00e9 Esp\u00edrito Santo (secretary).<\/li>\n\n\n\n<li><strong>Finance Board<\/strong>: Paulo de Sousa Mendes (chair), Ant\u00f3nio Zilh\u00e3o, Jos\u00e9 Cunha Leal Carmo, Manuel Martins and Maria Paula Gouveia.<\/li>\n<\/ul>\n\n\n\n<p><\/p>\n\n\n\n<p>The formation  from its foundation on the 14th of January of 2022 until the 25th June of 2022, was as follows:<\/p>\n\n\n\n<ul>\n<li><strong><strong>Governing Board<\/strong><\/strong>:  Cristina Sernadas (chair), In\u00eas Lynce, Lu\u00eds Caires, Maria Paula Gouveia and Vasco Vasconcelos.<\/li>\n\n\n\n<li><strong><strong>General Assembly<\/strong><\/strong>: Fernando Ferreira (chair), Francisco Dion\u00edsio (secretary) and Jos\u00e9 Esp\u00edrito Santo (secretary).<\/li>\n\n\n\n<li><strong><strong>Finance Board<\/strong><\/strong>: Ant\u00f3nio Zilh\u00e3o (chair), Manuel Martins, Olga Pombo, Paulo de Sousa Mendes and Reinhard Kahle.<\/li>\n<\/ul>\n","protected":false},"excerpt":{"rendered":"<p>Governing bodies The governing bodies of the Portuguese Logic Society are the Governing Board, the General Assembly and the Finance Board. The current formation, for the triennium 2025-2028, is as follows: Previous Formation The formation, for the triennium 2022-2025, was as follows: The formation from its foundation on the 14th of January of 2022 until &hellip;<\/p>\n<p class=\"read-more\"> <a class=\"\" href=\"https:\/\/groups.tecnico.ulisboa.pt\/~spl.daemon\/en\/statutory-bodies\/\"> <span class=\"screen-reader-text\">Organization<\/span> Read More &raquo;<\/a><\/p>\n","protected":false},"author":1,"featured_media":0,"parent":0,"menu_order":0,"comment_status":"closed","ping_status":"closed","template":"","meta":{"site-sidebar-layout":"default","site-content-layout":"default","ast-global-header-display":"","ast-main-header-display":"","ast-hfb-above-header-display":"","ast-hfb-below-header-display":"","ast-hfb-mobile-header-display":"","site-post-title":"","ast-breadcrumbs-content":"","ast-featured-img":"","footer-sml-layout":"","theme-transparent-header-meta":"","adv-header-id-meta":"","stick-header-meta":"","header-above-stick-meta":"","header-main-stick-meta":"","header-below-stick-meta":"","footnotes":""},"_links":{"self":[{"href":"https:\/\/groups.tecnico.ulisboa.pt\/~spl.daemon\/wp-json\/wp\/v2\/pages\/185"}],"collection":[{"href":"https:\/\/groups.tecnico.ulisboa.pt\/~spl.daemon\/wp-json\/wp\/v2\/pages"}],"about":[{"href":"https:\/\/groups.tecnico.ulisboa.pt\/~spl.daemon\/wp-json\/wp\/v2\/types\/page"}],"author":[{"embeddable":true,"href":"https:\/\/groups.tecnico.ulisboa.pt\/~spl.daemon\/wp-json\/wp\/v2\/users\/1"}],"replies":[{"embeddable":true,"href":"https:\/\/groups.tecnico.ulisboa.pt\/~spl.daemon\/wp-json\/wp\/v2\/comments?post=185"}],"version-history":[{"count":19,"href":"https:\/\/groups.tecnico.ulisboa.pt\/~spl.daemon\/wp-json\/wp\/v2\/pages\/185\/revisions"}],"predecessor-version":[{"id":948,"href":"https:\/\/groups.tecnico.ulisboa.pt\/~spl.daemon\/wp-json\/wp\/v2\/pages\/185\/revisions\/948"}],"wp:attachment":[{"href":"https:\/\/groups.tecnico.ulisboa.pt\/~spl.daemon\/wp-json\/wp\/v2\/media?parent=185"}],"curies":[{"name":"wp","href":"https:\/\/api.w.org\/{rel}","templated":true}]}}