{"id":368,"date":"2022-10-04T16:57:02","date_gmt":"2022-10-04T16:57:02","guid":{"rendered":"https:\/\/groups.tecnico.ulisboa.pt\/~spl.daemon\/?page_id=368"},"modified":"2022-10-04T17:58:18","modified_gmt":"2022-10-04T17:58:18","slug":"foto","status":"publish","type":"page","link":"https:\/\/groups.tecnico.ulisboa.pt\/~spl.daemon\/foto\/","title":{"rendered":"foto"},"content":{"rendered":"\n<figure class=\"wp-block-image\"><img decoding=\"async\" loading=\"lazy\" width=\"1024\" height=\"768\" src=\"https:\/\/groups.tecnico.ulisboa.pt\/~spl.daemon\/wp-content\/uploads\/2022\/05\/sociedadeportuguesadelogica-1024x768.jpg\" alt=\"\" class=\"wp-image-62\" srcset=\"https:\/\/groups.tecnico.ulisboa.pt\/~spl.daemon\/wp-content\/uploads\/2022\/05\/sociedadeportuguesadelogica-1024x768.jpg 1024w, https:\/\/groups.tecnico.ulisboa.pt\/~spl.daemon\/wp-content\/uploads\/2022\/05\/sociedadeportuguesadelogica-300x225.jpg 300w, https:\/\/groups.tecnico.ulisboa.pt\/~spl.daemon\/wp-content\/uploads\/2022\/05\/sociedadeportuguesadelogica-768x576.jpg 768w, https:\/\/groups.tecnico.ulisboa.pt\/~spl.daemon\/wp-content\/uploads\/2022\/05\/sociedadeportuguesadelogica-1536x1152.jpg 1536w, https:\/\/groups.tecnico.ulisboa.pt\/~spl.daemon\/wp-content\/uploads\/2022\/05\/sociedadeportuguesadelogica-2048x1536.jpg 2048w\" sizes=\"(max-width: 1024px) 100vw, 1024px\" \/><figcaption><em>Da esquerda para a direita: Francisco Dion\u00edsio,&nbsp; Jos\u00e9 Esp\u00edrito Santo, Fernando Ferreira, Olga Pombo, Lu\u00eds Caires, Ant\u00f3nio Zilh\u00e3o, Paulo de Sousa Mendes, Reinhard Kahle, Cristina Sernadas, Vasco Vasconcelos, In\u00eas Lynce, Manuel Martins e Paula Gouveia.<\/em><\/figcaption><\/figure>\n","protected":false},"excerpt":{"rendered":"","protected":false},"author":1,"featured_media":0,"parent":0,"menu_order":0,"comment_status":"closed","ping_status":"closed","template":"","meta":{"site-sidebar-layout":"default","site-content-layout":"default","ast-global-header-display":"","ast-main-header-display":"","ast-hfb-above-header-display":"","ast-hfb-below-header-display":"","ast-hfb-mobile-header-display":"","site-post-title":"disabled","ast-breadcrumbs-content":"","ast-featured-img":"","footer-sml-layout":"","theme-transparent-header-meta":"","adv-header-id-meta":"","stick-header-meta":"","header-above-stick-meta":"","header-main-stick-meta":"","header-below-stick-meta":"","footnotes":""},"_links":{"self":[{"href":"https:\/\/groups.tecnico.ulisboa.pt\/~spl.daemon\/wp-json\/wp\/v2\/pages\/368"}],"collection":[{"href":"https:\/\/groups.tecnico.ulisboa.pt\/~spl.daemon\/wp-json\/wp\/v2\/pages"}],"about":[{"href":"https:\/\/groups.tecnico.ulisboa.pt\/~spl.daemon\/wp-json\/wp\/v2\/types\/page"}],"author":[{"embeddable":true,"href":"https:\/\/groups.tecnico.ulisboa.pt\/~spl.daemon\/wp-json\/wp\/v2\/users\/1"}],"replies":[{"embeddable":true,"href":"https:\/\/groups.tecnico.ulisboa.pt\/~spl.daemon\/wp-json\/wp\/v2\/comments?post=368"}],"version-history":[{"count":2,"href":"https:\/\/groups.tecnico.ulisboa.pt\/~spl.daemon\/wp-json\/wp\/v2\/pages\/368\/revisions"}],"predecessor-version":[{"id":404,"href":"https:\/\/groups.tecnico.ulisboa.pt\/~spl.daemon\/wp-json\/wp\/v2\/pages\/368\/revisions\/404"}],"wp:attachment":[{"href":"https:\/\/groups.tecnico.ulisboa.pt\/~spl.daemon\/wp-json\/wp\/v2\/media?parent=368"}],"curies":[{"name":"wp","href":"https:\/\/api.w.org\/{rel}","templated":true}]}}