{"id":771,"date":"2024-09-26T13:26:57","date_gmt":"2024-09-26T13:26:57","guid":{"rendered":"https:\/\/groups.tecnico.ulisboa.pt\/~spl.daemon\/?page_id=771"},"modified":"2025-01-21T02:36:22","modified_gmt":"2025-01-21T02:36:22","slug":"dia-mundial-da-logica","status":"publish","type":"page","link":"https:\/\/groups.tecnico.ulisboa.pt\/~spl.daemon\/dia-mundial-da-logica\/","title":{"rendered":"Dia Mundial da L\u00f3gica"},"content":{"rendered":"\n<p>A Dire\u00e7\u00e3o da SPL decidiu passar a festejar o <a href=\"https:\/\/www.unesco.org\/en\/days\/world-logic\">World Logic Day<\/a> em dia pr\u00f3ximo de 14 de janeiro de cada ano. A primeira edi\u00e7\u00e3o realizou-se a 15 de janeiro de 2025, de forma h\u00edbrida, na sala 3.10 do Departamento de Matem\u00e1tica do T\u00e9cnico ULisboa e <a rel=\"noreferrer noopener\" href=\"https:\/\/videoconf-colibri.zoom.us\/j\/92016223452?pwd=O57003PIx8ToRjcHlIun11DQALxekF.1\" target=\"_blank\">atrav\u00e9s de sess\u00e3o Zoom<\/a>.  Programa (em ingl\u00eas) <a href=\"https:\/\/groups.tecnico.ulisboa.pt\/~spl.daemon\/en\/world-logic-day\/\">aqui<\/a>.<\/p>\n\n\n\n<p><\/p>\n\n\n\n<p><\/p>\n\n\n\n<p><\/p>\n","protected":false},"excerpt":{"rendered":"<p>A Dire\u00e7\u00e3o da SPL decidiu passar a festejar o World Logic Day em dia pr\u00f3ximo de 14 de janeiro de cada ano. A primeira edi\u00e7\u00e3o realizou-se a 15 de janeiro de 2025, de forma h\u00edbrida, na sala 3.10 do Departamento de Matem\u00e1tica do T\u00e9cnico ULisboa e atrav\u00e9s de sess\u00e3o Zoom. Programa (em ingl\u00eas) aqui.<\/p>\n","protected":false},"author":1,"featured_media":0,"parent":0,"menu_order":0,"comment_status":"closed","ping_status":"closed","template":"","meta":{"site-sidebar-layout":"default","site-content-layout":"default","ast-global-header-display":"","ast-main-header-display":"","ast-hfb-above-header-display":"","ast-hfb-below-header-display":"","ast-hfb-mobile-header-display":"","site-post-title":"","ast-breadcrumbs-content":"","ast-featured-img":"","footer-sml-layout":"","theme-transparent-header-meta":"","adv-header-id-meta":"","stick-header-meta":"","header-above-stick-meta":"","header-main-stick-meta":"","header-below-stick-meta":"","footnotes":""},"_links":{"self":[{"href":"https:\/\/groups.tecnico.ulisboa.pt\/~spl.daemon\/wp-json\/wp\/v2\/pages\/771"}],"collection":[{"href":"https:\/\/groups.tecnico.ulisboa.pt\/~spl.daemon\/wp-json\/wp\/v2\/pages"}],"about":[{"href":"https:\/\/groups.tecnico.ulisboa.pt\/~spl.daemon\/wp-json\/wp\/v2\/types\/page"}],"author":[{"embeddable":true,"href":"https:\/\/groups.tecnico.ulisboa.pt\/~spl.daemon\/wp-json\/wp\/v2\/users\/1"}],"replies":[{"embeddable":true,"href":"https:\/\/groups.tecnico.ulisboa.pt\/~spl.daemon\/wp-json\/wp\/v2\/comments?post=771"}],"version-history":[{"count":5,"href":"https:\/\/groups.tecnico.ulisboa.pt\/~spl.daemon\/wp-json\/wp\/v2\/pages\/771\/revisions"}],"predecessor-version":[{"id":840,"href":"https:\/\/groups.tecnico.ulisboa.pt\/~spl.daemon\/wp-json\/wp\/v2\/pages\/771\/revisions\/840"}],"wp:attachment":[{"href":"https:\/\/groups.tecnico.ulisboa.pt\/~spl.daemon\/wp-json\/wp\/v2\/media?parent=771"}],"curies":[{"name":"wp","href":"https:\/\/api.w.org\/{rel}","templated":true}]}}